{"id":1185,"date":"2025-08-19T07:51:06","date_gmt":"2025-08-19T10:51:06","guid":{"rendered":"https:\/\/blogclinicsaude.farmaponte.com.br\/?page_id=1185"},"modified":"2025-08-19T07:55:17","modified_gmt":"2025-08-19T10:55:17","slug":"agosto-dourado-como-a-vacinacao-protege-mae-e-bebe-desde-a-gestacao-2","status":"publish","type":"page","link":"https:\/\/blogclinicsaude.farmaponte.com.br\/?page_id=1185","title":{"rendered":"AGOSTO DOURADO: COMO A VACINA\u00c7\u00c3O PROTEGE M\u00c3E E BEB\u00ca DESDE A GESTA\u00c7\u00c3O"},"content":{"rendered":"\t\t<div data-elementor-type=\"wp-page\" data-elementor-id=\"1185\" class=\"elementor elementor-1185\">\n\t\t\t\t<div class=\"elementor-element elementor-element-aa4c00f e-con-full elementor-hidden-tablet elementor-hidden-mobile e-flex e-con e-parent\" data-id=\"aa4c00f\" data-element_type=\"container\" data-e-type=\"container\">\n\t\t\t\t<div class=\"elementor-element elementor-element-a1ac705 elementor-widget elementor-widget-button\" data-id=\"a1ac705\" data-element_type=\"widget\" data-e-type=\"widget\" data-widget_type=\"button.default\">\n\t\t\t\t<div class=\"elementor-widget-container\">\n\t\t\t\t\t\t\t\t\t<div class=\"elementor-button-wrapper\">\n\t\t\t\t\t<a class=\"elementor-button elementor-button-link elementor-size-sm\" href=\"https:\/\/blogclinicsaude.farmaponte.com.br\/\">\n\t\t\t\t\t\t<span class=\"elementor-button-content-wrapper\">\n\t\t\t\t\t\t<span class=\"elementor-button-icon\">\n\t\t\t\t<svg aria-hidden=\"true\" class=\"e-font-icon-svg e-fas-house-user\" viewBox=\"0 0 576 512\" xmlns=\"http:\/\/www.w3.org\/2000\/svg\"><path d=\"M570.69,236.27,512,184.44V48a16,16,0,0,0-16-16H432a16,16,0,0,0-16,16V99.67L314.78,10.3C308.5,4.61,296.53,0,288,0s-20.46,4.61-26.74,10.3l-256,226A18.27,18.27,0,0,0,0,248.2a18.64,18.64,0,0,0,4.09,10.71L25.5,282.7a21.14,21.14,0,0,0,12,5.3,21.67,21.67,0,0,0,10.69-4.11l15.9-14V480a32,32,0,0,0,32,32H480a32,32,0,0,0,32-32V269.88l15.91,14A21.94,21.94,0,0,0,538.63,288a20.89,20.89,0,0,0,11.87-5.31l21.41-23.81A21.64,21.64,0,0,0,576,248.19,21,21,0,0,0,570.69,236.27ZM288,176a64,64,0,1,1-64,64A64,64,0,0,1,288,176ZM400,448H176a16,16,0,0,1-16-16,96,96,0,0,1,96-96h64a96,96,0,0,1,96,96A16,16,0,0,1,400,448Z\"><\/path><\/svg>\t\t\t<\/span>\n\t\t\t\t\t\t\t\t\t<span class=\"elementor-button-text\">VOLTAR PARA HOME<\/span>\n\t\t\t\t\t<\/span>\n\t\t\t\t\t<\/a>\n\t\t\t\t<\/div>\n\t\t\t\t\t\t\t\t<\/div>\n\t\t\t\t<\/div>\n\t\t\t\t<\/div>\n\t\t\t\t<section class=\"elementor-section elementor-top-section elementor-element elementor-element-ab3da20 elementor-section-height-min-height elementor-section-boxed elementor-section-height-default elementor-section-items-middle\" data-id=\"ab3da20\" data-element_type=\"section\" data-e-type=\"section\">\n\t\t\t\t\t\t<div class=\"elementor-container elementor-column-gap-default\">\n\t\t\t\t\t<div class=\"elementor-column elementor-col-100 elementor-top-column elementor-element elementor-element-ae52452\" data-id=\"ae52452\" data-element_type=\"column\" data-e-type=\"column\">\n\t\t\t<div class=\"elementor-widget-wrap elementor-element-populated\">\n\t\t\t\t\t\t<div class=\"elementor-element elementor-element-5a137163 elementor-widget elementor-widget-heading\" data-id=\"5a137163\" data-element_type=\"widget\" data-e-type=\"widget\" data-widget_type=\"heading.default\">\n\t\t\t\t<div class=\"elementor-widget-container\">\n\t\t\t\t\t<h2 class=\"elementor-heading-title elementor-size-default\">AGOSTO DOURADO: <\/h2>\t\t\t\t<\/div>\n\t\t\t\t<\/div>\n\t\t\t\t<div class=\"elementor-element elementor-element-90ea6f5 elementor-widget elementor-widget-heading\" data-id=\"90ea6f5\" data-element_type=\"widget\" data-e-type=\"widget\" data-widget_type=\"heading.default\">\n\t\t\t\t<div class=\"elementor-widget-container\">\n\t\t\t\t\t<h2 class=\"elementor-heading-title elementor-size-default\">COMO A VACINA\u00c7\u00c3O PROTEGE M\u00c3E E BEB\u00ca DESDE A GESTA\u00c7\u00c3O<\/h2>\t\t\t\t<\/div>\n\t\t\t\t<\/div>\n\t\t\t\t<section class=\"elementor-section elementor-inner-section elementor-element elementor-element-5f714821 elementor-section-boxed elementor-section-height-default elementor-section-height-default\" data-id=\"5f714821\" data-element_type=\"section\" data-e-type=\"section\">\n\t\t\t\t\t\t<div class=\"elementor-container elementor-column-gap-default\">\n\t\t\t\t\t<div class=\"elementor-column elementor-col-50 elementor-inner-column elementor-element elementor-element-4e629c35\" data-id=\"4e629c35\" data-element_type=\"column\" data-e-type=\"column\">\n\t\t\t<div class=\"elementor-widget-wrap elementor-element-populated\">\n\t\t\t\t\t\t<div class=\"elementor-element elementor-element-74c155dc elementor-widget elementor-widget-image\" data-id=\"74c155dc\" data-element_type=\"widget\" data-e-type=\"widget\" data-widget_type=\"image.default\">\n\t\t\t\t<div class=\"elementor-widget-container\">\n\t\t\t\t\t\t\t\t\t\t\t\t\t\t\t<img fetchpriority=\"high\" decoding=\"async\" width=\"500\" height=\"281\" src=\"https:\/\/blogclinicsaude.farmaponte.com.br\/wp-content\/uploads\/2025\/08\/Agosto-Dourado_20250818_125009_0000.png\" class=\"elementor-animation-hang attachment-large size-large wp-image-1170\" alt=\"\" srcset=\"https:\/\/blogclinicsaude.farmaponte.com.br\/wp-content\/uploads\/2025\/08\/Agosto-Dourado_20250818_125009_0000.png 500w, https:\/\/blogclinicsaude.farmaponte.com.br\/wp-content\/uploads\/2025\/08\/Agosto-Dourado_20250818_125009_0000-300x169.png 300w\" sizes=\"(max-width: 500px) 100vw, 500px\" \/>\t\t\t\t\t\t\t\t\t\t\t\t\t\t\t<\/div>\n\t\t\t\t<\/div>\n\t\t\t\t\t<\/div>\n\t\t<\/div>\n\t\t\t\t<div class=\"elementor-column elementor-col-50 elementor-inner-column elementor-element elementor-element-70ee1860\" data-id=\"70ee1860\" data-element_type=\"column\" data-e-type=\"column\" data-settings=\"{&quot;background_background&quot;:&quot;classic&quot;}\">\n\t\t\t<div class=\"elementor-widget-wrap elementor-element-populated\">\n\t\t\t\t\t\t<div class=\"elementor-element elementor-element-f22f42d elementor-widget elementor-widget-text-editor\" data-id=\"f22f42d\" data-element_type=\"widget\" data-e-type=\"widget\" data-widget_type=\"text-editor.default\">\n\t\t\t\t<div class=\"elementor-widget-container\">\n\t\t\t\t\t\t\t\t\t<p>O m\u00eas de agosto \u00e9 celebrado como Agosto Dourado, simbolizando a luta em prol da amamenta\u00e7\u00e3o e destacando sua import\u00e2ncia para a sa\u00fade da m\u00e3e e do beb\u00ea. Paralelamente, a vacina\u00e7\u00e3o durante a gesta\u00e7\u00e3o e na primeira inf\u00e2ncia constitui um dos pilares mais efetivos na preven\u00e7\u00e3o de doen\u00e7as e na promo\u00e7\u00e3o de uma maternidade saud\u00e1vel. Unir esses dois cuidados \u2013 amamenta\u00e7\u00e3o e imuniza\u00e7\u00e3o \u2013 garante maior prote\u00e7\u00e3o, fortalece o v\u00ednculo materno e contribui para o desenvolvimento integral da crian\u00e7a.<\/p>\t\t\t\t\t\t\t\t<\/div>\n\t\t\t\t<\/div>\n\t\t\t\t\t<\/div>\n\t\t<\/div>\n\t\t\t\t\t<\/div>\n\t\t<\/section>\n\t\t\t\t<section class=\"elementor-section elementor-inner-section elementor-element elementor-element-647dd32 elementor-reverse-mobile elementor-section-boxed elementor-section-height-default elementor-section-height-default\" data-id=\"647dd32\" data-element_type=\"section\" data-e-type=\"section\">\n\t\t\t\t\t\t<div class=\"elementor-container elementor-column-gap-default\">\n\t\t\t\t\t<div class=\"elementor-column elementor-col-50 elementor-inner-column elementor-element elementor-element-45e9461\" data-id=\"45e9461\" data-element_type=\"column\" data-e-type=\"column\" data-settings=\"{&quot;background_background&quot;:&quot;classic&quot;}\">\n\t\t\t<div class=\"elementor-widget-wrap elementor-element-populated\">\n\t\t\t\t\t\t<div class=\"elementor-element elementor-element-034f345 elementor-widget elementor-widget-heading\" data-id=\"034f345\" data-element_type=\"widget\" data-e-type=\"widget\" data-widget_type=\"heading.default\">\n\t\t\t\t<div class=\"elementor-widget-container\">\n\t\t\t\t\t<h3 class=\"elementor-heading-title elementor-size-default\">BENEF\u00cdCIOS DA AMAMENTA\u00c7\u00c3O PERANTE UM CALEND\u00c1RIO VACINAL MATERNO COMPLETE.<\/h3>\t\t\t\t<\/div>\n\t\t\t\t<\/div>\n\t\t\t\t<div class=\"elementor-element elementor-element-7627b13 elementor-widget elementor-widget-text-editor\" data-id=\"7627b13\" data-element_type=\"widget\" data-e-type=\"widget\" data-widget_type=\"text-editor.default\">\n\t\t\t\t<div class=\"elementor-widget-container\">\n\t\t\t\t\t\t\t\t\t<p>O aleitamento materno exclusivo at\u00e9 os seis meses de idade e complementar at\u00e9 dois anos ou mais \u00e9 uma das estrat\u00e9gias mais eficazes para a redu\u00e7\u00e3o da mortalidade infantil. O leite materno fornece nutrientes essenciais, fortalece o sistema imunol\u00f3gico e protege contra infec\u00e7\u00f5es respirat\u00f3rias, diarreia e alergias. Al\u00e9m disso, promove benef\u00edcios emocionais e cognitivos, favorecendo o desenvolvimento saud\u00e1vel da crian\u00e7a.<\/p><p>A vacina\u00e7\u00e3o durante a gesta\u00e7\u00e3o \u00e9 fundamental para proteger tanto a m\u00e3e quanto o beb\u00ea. Vacinas como a dTpa (tr\u00edplice bacteriana acelular do tipo adulto), influenza e hepatite B s\u00e3o recomendadas, prevenindo complica\u00e7\u00f5es graves. A imuniza\u00e7\u00e3o materna tamb\u00e9m confere anticorpos ao beb\u00ea, proporcionando prote\u00e7\u00e3o nos primeiros meses de vida.<\/p><p>Logo ap\u00f3s o nascimento, o beb\u00ea deve iniciar seu calend\u00e1rio vacinal conforme o Programa Nacional de Imuniza\u00e7\u00f5es (PNI). As primeiras vacinas incluem a BCG e a hepatite B, aplicadas ainda na maternidade. A manuten\u00e7\u00e3o do calend\u00e1rio ao longo dos meses \u00e9 crucial para prevenir doen\u00e7as graves como coqueluche, poliomielite, meningite e sarampo.<\/p>\t\t\t\t\t\t\t\t<\/div>\n\t\t\t\t<\/div>\n\t\t\t\t\t<\/div>\n\t\t<\/div>\n\t\t\t\t<div class=\"elementor-column elementor-col-50 elementor-inner-column elementor-element elementor-element-712c0078\" data-id=\"712c0078\" data-element_type=\"column\" data-e-type=\"column\">\n\t\t\t<div class=\"elementor-widget-wrap elementor-element-populated\">\n\t\t\t\t\t\t<div class=\"elementor-element elementor-element-2f87d7dc elementor-widget elementor-widget-image\" data-id=\"2f87d7dc\" data-element_type=\"widget\" data-e-type=\"widget\" data-widget_type=\"image.default\">\n\t\t\t\t<div class=\"elementor-widget-container\">\n\t\t\t\t\t\t\t\t\t\t\t\t\t\t\t<img decoding=\"async\" width=\"600\" height=\"338\" src=\"https:\/\/blogclinicsaude.farmaponte.com.br\/wp-content\/uploads\/2025\/08\/Agosto-Dourado_20250818_125009_0001.png\" class=\"elementor-animation-hang attachment-large size-large wp-image-1168\" alt=\"\" srcset=\"https:\/\/blogclinicsaude.farmaponte.com.br\/wp-content\/uploads\/2025\/08\/Agosto-Dourado_20250818_125009_0001.png 600w, https:\/\/blogclinicsaude.farmaponte.com.br\/wp-content\/uploads\/2025\/08\/Agosto-Dourado_20250818_125009_0001-300x169.png 300w\" sizes=\"(max-width: 600px) 100vw, 600px\" \/>\t\t\t\t\t\t\t\t\t\t\t\t\t\t\t<\/div>\n\t\t\t\t<\/div>\n\t\t\t\t\t<\/div>\n\t\t<\/div>\n\t\t\t\t\t<\/div>\n\t\t<\/section>\n\t\t\t\t<section class=\"elementor-section elementor-inner-section elementor-element elementor-element-c2f1650 elementor-section-boxed elementor-section-height-default elementor-section-height-default\" data-id=\"c2f1650\" data-element_type=\"section\" data-e-type=\"section\">\n\t\t\t\t\t\t<div class=\"elementor-container elementor-column-gap-default\">\n\t\t\t\t\t<div class=\"elementor-column elementor-col-50 elementor-inner-column elementor-element elementor-element-787e9c7\" data-id=\"787e9c7\" data-element_type=\"column\" data-e-type=\"column\">\n\t\t\t<div class=\"elementor-widget-wrap elementor-element-populated\">\n\t\t\t\t\t\t<div class=\"elementor-element elementor-element-35f781d elementor-widget elementor-widget-image\" data-id=\"35f781d\" data-element_type=\"widget\" data-e-type=\"widget\" data-widget_type=\"image.default\">\n\t\t\t\t<div class=\"elementor-widget-container\">\n\t\t\t\t\t\t\t\t\t\t\t\t\t\t\t<img decoding=\"async\" width=\"600\" height=\"338\" src=\"https:\/\/blogclinicsaude.farmaponte.com.br\/wp-content\/uploads\/2025\/08\/Agosto-Dourado_20250818_125009_0002.png\" class=\"elementor-animation-hang attachment-large size-large wp-image-1169\" alt=\"\" srcset=\"https:\/\/blogclinicsaude.farmaponte.com.br\/wp-content\/uploads\/2025\/08\/Agosto-Dourado_20250818_125009_0002.png 600w, https:\/\/blogclinicsaude.farmaponte.com.br\/wp-content\/uploads\/2025\/08\/Agosto-Dourado_20250818_125009_0002-300x169.png 300w\" sizes=\"(max-width: 600px) 100vw, 600px\" \/>\t\t\t\t\t\t\t\t\t\t\t\t\t\t\t<\/div>\n\t\t\t\t<\/div>\n\t\t\t\t\t<\/div>\n\t\t<\/div>\n\t\t\t\t<div class=\"elementor-column elementor-col-50 elementor-inner-column elementor-element elementor-element-f32bd78\" data-id=\"f32bd78\" data-element_type=\"column\" data-e-type=\"column\" data-settings=\"{&quot;background_background&quot;:&quot;classic&quot;}\">\n\t\t\t<div class=\"elementor-widget-wrap elementor-element-populated\">\n\t\t\t\t\t\t<div class=\"elementor-element elementor-element-f82b961 elementor-widget elementor-widget-heading\" data-id=\"f82b961\" data-element_type=\"widget\" data-e-type=\"widget\" data-widget_type=\"heading.default\">\n\t\t\t\t<div class=\"elementor-widget-container\">\n\t\t\t\t\t<h3 class=\"elementor-heading-title elementor-size-default\">UMA M\u00c3E SAUD\u00c1VEL TEM MAIS CONDI\u00c7\u00d5ES DE AMAMENTAR SAUDAVELMENTE<\/h3>\t\t\t\t<\/div>\n\t\t\t\t<\/div>\n\t\t\t\t<div class=\"elementor-element elementor-element-a49e111 elementor-widget elementor-widget-text-editor\" data-id=\"a49e111\" data-element_type=\"widget\" data-e-type=\"widget\" data-widget_type=\"text-editor.default\">\n\t\t\t\t<div class=\"elementor-widget-container\">\n\t\t\t\t\t\t\t\t\t<p>A sa\u00fade materna \u00e9 determinante para a qualidade da amamenta\u00e7\u00e3o. Mulheres vacinadas e protegidas contra doen\u00e7as evit\u00e1veis t\u00eam melhores condi\u00e7\u00f5es de oferecer um aleitamento seguro e prolongado. Isso reduz riscos de interrup\u00e7\u00e3o precoce da amamenta\u00e7\u00e3o e assegura ao beb\u00ea a continuidade de sua prote\u00e7\u00e3o imunol\u00f3gica. O acompanhamento em consultas de pr\u00e9-natal e pediatria \u00e9 essencial para garantir que o calend\u00e1rio vacinal esteja atualizado. Profissionais de sa\u00fade orientam sobre vacinas obrigat\u00f3rias e complementares, refor\u00e7ando a import\u00e2ncia da imuniza\u00e7\u00e3o em todas as fases da vida. Manter a carteira de vacina\u00e7\u00e3o em dia \u00e9 um ato de responsabilidade e preven\u00e7\u00e3o.<\/p>\t\t\t\t\t\t\t\t<\/div>\n\t\t\t\t<\/div>\n\t\t\t\t\t<\/div>\n\t\t<\/div>\n\t\t\t\t\t<\/div>\n\t\t<\/section>\n\t\t\t\t<div class=\"elementor-element elementor-element-37e2fa4 elementor-widget elementor-widget-heading\" data-id=\"37e2fa4\" data-element_type=\"widget\" data-e-type=\"widget\" data-widget_type=\"heading.default\">\n\t\t\t\t<div class=\"elementor-widget-container\">\n\t\t\t\t\t<h3 class=\"elementor-heading-title elementor-size-default\">CONSIDERA\u00c7\u00d5ES FINAIS<\/h3>\t\t\t\t<\/div>\n\t\t\t\t<\/div>\n\t\t\t\t<div class=\"elementor-element elementor-element-03d6e8d elementor-widget elementor-widget-text-editor\" data-id=\"03d6e8d\" data-element_type=\"widget\" data-e-type=\"widget\" data-widget_type=\"text-editor.default\">\n\t\t\t\t<div class=\"elementor-widget-container\">\n\t\t\t\t\t\t\t\t\t<p>O Agosto Dourado refor\u00e7a que amamenta\u00e7\u00e3o e vacina\u00e7\u00e3o caminham juntas na promo\u00e7\u00e3o da sa\u00fade materno-infantil. Ambas s\u00e3o pr\u00e1ticas preventivas, eficazes e acess\u00edveis, capazes de reduzir riscos de doen\u00e7as, salvar vidas e proporcionar uma inf\u00e2ncia mais saud\u00e1vel. Cabe \u00e0s fam\u00edlias e aos profissionais de sa\u00fade valorizar e incentivar esses cuidados, construindo uma sociedade mais protegida e consciente.<\/p>\t\t\t\t\t\t\t\t<\/div>\n\t\t\t\t<\/div>\n\t\t\t\t<div class=\"elementor-element elementor-element-6d16994 elementor-widget elementor-widget-text-editor\" data-id=\"6d16994\" data-element_type=\"widget\" data-e-type=\"widget\" data-widget_type=\"text-editor.default\">\n\t\t\t\t<div class=\"elementor-widget-container\">\n\t\t\t\t\t\t\t\t\t<div data-breakout=\"normal\"><p>AUTOR: DANIEL R ALVES JR.FARMAC\u00caUTICO BIOQU\u00cdMICO: CRF SP 39673. ESPECIALISTA DE TREINAMENTO EM VENDAS, ATEN\u00c7\u00c3O FARMAC\u00caUTICA E VACINA\u00c7\u00c3O.<\/p><p id=\"viewer-0mzdd16198\" class=\"ZuC5J faq2B YCZ-u YZYFQ\" dir=\"auto\"><span class=\"deJ7P YCZ-u\">Todas as informa\u00e7\u00f5es redigidas neste artigo, possuem as seguintes refer\u00eancias:<\/span>\u00a0<\/p><p>ASSOCIA\u00c7\u00c3O BRASILEIRA DE IMUNIZA\u00c7\u00d5ES. Calend\u00e1rio de vacina\u00e7\u00e3o da gestante. Dispon\u00edvel em: https:\/\/sbim.org.br\/images\/calendarios\/calend-sbim-gestante.pdf. Acesso em: 18 ago. 2025.<br \/><br \/>BRASIL. Minist\u00e9rio da Sa\u00fade. Saiba quais vacinas devem ser administradas durante a gesta\u00e7\u00e3o. Dispon\u00edvel em: https:\/\/www.gov.br\/pt-br\/noticias\/saude-e-vigilancia-sanitaria\/2022\/11\/saiba-quais-vacinas-devem-ser-administradas-durante-a-gestacao. Acesso em: 18 ago. 2025.<br \/><br \/>BRASIL. Minist\u00e9rio da Sa\u00fade. Calend\u00e1rio Nacional de Vacina\u00e7\u00e3o. Dispon\u00edvel em: https:\/\/www.gov.br\/saude\/pt-br\/vacinacao\/calendario. Acesso em: 18 ago. 2025.<br \/><br \/>BRASIL. Minist\u00e9rio da Sa\u00fade. Campanha Agosto Dourado 2025: Amamenta\u00e7\u00e3o. Dispon\u00edvel em: https:\/\/www.gov.br\/saude\/pt-br\/campanhas-da-saude\/2025\/amamentacao. Acesso em: 18 ago. 2025.<br \/><br \/>INSTITUTO DA INF\u00c2NCIA. Vacina\u00e7\u00e3o para gestantes. Dispon\u00edvel em: https:\/\/vacinasinstitutodainfancia.com.br\/. Acesso em: 18 ago. 2025.<br \/><br \/>VACINAS PARA GESTANTES. Guia da vacina\u00e7\u00e3o. Dispon\u00edvel em: https:\/\/vacinasparagravidas.com.br\/public\/docs\/guia-da-vacinacao.pdf. Acesso em: 18 ago. 2025.<br \/><br \/>SCIELO. Aleitamento materno e sa\u00fade p\u00fablica. Dispon\u00edvel em: https:\/\/www.scielo.br\/j\/csp\/a\/G3cyKWQD8bdBxrJHvQyhGnL. Acesso em: 18 ago. 2025.<br \/><br \/>SCIELO. Benef\u00edcios da amamenta\u00e7\u00e3o. Dispon\u00edvel em: http:\/\/scielo.iec.gov.br\/pdf\/ess\/v25n1\/Amamentacao1.pdf. Acesso em: 18 ago. 2025.<br \/><br \/>BRAZILIAN JOURNALS. Amamenta\u00e7\u00e3o e imuniza\u00e7\u00e3o: perspectivas integradas. Dispon\u00edvel em: https:\/\/ojs.brazilianjournals.com.br\/ojs\/index.php\/BRJD\/article\/view\/59840. Acesso em: 18 ago. 2025.<\/p><\/div>\t\t\t\t\t\t\t\t<\/div>\n\t\t\t\t<\/div>\n\t\t\t\t\t<\/div>\n\t\t<\/div>\n\t\t\t\t\t<\/div>\n\t\t<\/section>\n\t\t<div class=\"elementor-element elementor-element-095309e e-flex e-con-boxed e-con e-parent\" data-id=\"095309e\" data-element_type=\"container\" data-e-type=\"container\" data-settings=\"{&quot;background_background&quot;:&quot;classic&quot;}\">\n\t\t\t\t\t<div class=\"e-con-inner\">\n\t\t\t\t<div class=\"elementor-element elementor-element-4aefea3 elementor-widget elementor-widget-heading\" data-id=\"4aefea3\" data-element_type=\"widget\" data-e-type=\"widget\" data-widget_type=\"heading.default\">\n\t\t\t\t<div class=\"elementor-widget-container\">\n\t\t\t\t\t<h2 class=\"elementor-heading-title elementor-size-default\"> 2024 Clinic Saude Farma Ponte \u00ae - Todos os direitos reservados.<\/h2>\t\t\t\t<\/div>\n\t\t\t\t<\/div>\n\t\t\t\t\t<\/div>\n\t\t\t\t<\/div>\n\t\t\t\t<\/div>\n\t\t","protected":false},"excerpt":{"rendered":"<p>VOLTAR PARA HOME AGOSTO DOURADO: COMO A VACINA\u00c7\u00c3O PROTEGE M\u00c3E E BEB\u00ca DESDE A GESTA\u00c7\u00c3O O m\u00eas de agosto \u00e9 celebrado como Agosto Dourado, simbolizando a luta em prol da amamenta\u00e7\u00e3o e destacando sua import\u00e2ncia para a sa\u00fade da m\u00e3e e do beb\u00ea. Paralelamente, a vacina\u00e7\u00e3o durante a gesta\u00e7\u00e3o e na primeira inf\u00e2ncia constitui um [&hellip;]<\/p>\n","protected":false},"author":1,"featured_media":0,"parent":0,"menu_order":0,"comment_status":"closed","ping_status":"closed","template":"elementor_canvas","meta":{"footnotes":""},"class_list":["post-1185","page","type-page","status-publish","hentry"],"_links":{"self":[{"href":"https:\/\/blogclinicsaude.farmaponte.com.br\/index.php?rest_route=\/wp\/v2\/pages\/1185","targetHints":{"allow":["GET"]}}],"collection":[{"href":"https:\/\/blogclinicsaude.farmaponte.com.br\/index.php?rest_route=\/wp\/v2\/pages"}],"about":[{"href":"https:\/\/blogclinicsaude.farmaponte.com.br\/index.php?rest_route=\/wp\/v2\/types\/page"}],"author":[{"embeddable":true,"href":"https:\/\/blogclinicsaude.farmaponte.com.br\/index.php?rest_route=\/wp\/v2\/users\/1"}],"replies":[{"embeddable":true,"href":"https:\/\/blogclinicsaude.farmaponte.com.br\/index.php?rest_route=%2Fwp%2Fv2%2Fcomments&post=1185"}],"version-history":[{"count":4,"href":"https:\/\/blogclinicsaude.farmaponte.com.br\/index.php?rest_route=\/wp\/v2\/pages\/1185\/revisions"}],"predecessor-version":[{"id":1189,"href":"https:\/\/blogclinicsaude.farmaponte.com.br\/index.php?rest_route=\/wp\/v2\/pages\/1185\/revisions\/1189"}],"wp:attachment":[{"href":"https:\/\/blogclinicsaude.farmaponte.com.br\/index.php?rest_route=%2Fwp%2Fv2%2Fmedia&parent=1185"}],"curies":[{"name":"wp","href":"https:\/\/api.w.org\/{rel}","templated":true}]}}