{"id":1277,"date":"2025-12-02T15:37:50","date_gmt":"2025-12-02T18:37:50","guid":{"rendered":"https:\/\/blogclinicsaude.farmaponte.com.br\/?page_id=1277"},"modified":"2025-12-02T15:49:21","modified_gmt":"2025-12-02T18:49:21","slug":"vacinas-pentavalente-e-hexavalente","status":"publish","type":"page","link":"https:\/\/blogclinicsaude.farmaponte.com.br\/?page_id=1277","title":{"rendered":"VACINAS PENTAVALENTE E HEXAVALENTE"},"content":{"rendered":"\t\t<div data-elementor-type=\"wp-page\" data-elementor-id=\"1277\" class=\"elementor elementor-1277\">\n\t\t\t\t<div class=\"elementor-element elementor-element-aa4c00f e-con-full elementor-hidden-tablet elementor-hidden-mobile e-flex e-con e-parent\" data-id=\"aa4c00f\" data-element_type=\"container\" data-e-type=\"container\">\n\t\t\t\t<div class=\"elementor-element elementor-element-a1ac705 elementor-widget elementor-widget-button\" data-id=\"a1ac705\" data-element_type=\"widget\" data-e-type=\"widget\" data-widget_type=\"button.default\">\n\t\t\t\t<div class=\"elementor-widget-container\">\n\t\t\t\t\t\t\t\t\t<div class=\"elementor-button-wrapper\">\n\t\t\t\t\t<a class=\"elementor-button elementor-button-link elementor-size-sm\" href=\"https:\/\/blogclinicsaude.farmaponte.com.br\/\">\n\t\t\t\t\t\t<span class=\"elementor-button-content-wrapper\">\n\t\t\t\t\t\t<span class=\"elementor-button-icon\">\n\t\t\t\t<svg aria-hidden=\"true\" class=\"e-font-icon-svg e-fas-house-user\" viewBox=\"0 0 576 512\" xmlns=\"http:\/\/www.w3.org\/2000\/svg\"><path d=\"M570.69,236.27,512,184.44V48a16,16,0,0,0-16-16H432a16,16,0,0,0-16,16V99.67L314.78,10.3C308.5,4.61,296.53,0,288,0s-20.46,4.61-26.74,10.3l-256,226A18.27,18.27,0,0,0,0,248.2a18.64,18.64,0,0,0,4.09,10.71L25.5,282.7a21.14,21.14,0,0,0,12,5.3,21.67,21.67,0,0,0,10.69-4.11l15.9-14V480a32,32,0,0,0,32,32H480a32,32,0,0,0,32-32V269.88l15.91,14A21.94,21.94,0,0,0,538.63,288a20.89,20.89,0,0,0,11.87-5.31l21.41-23.81A21.64,21.64,0,0,0,576,248.19,21,21,0,0,0,570.69,236.27ZM288,176a64,64,0,1,1-64,64A64,64,0,0,1,288,176ZM400,448H176a16,16,0,0,1-16-16,96,96,0,0,1,96-96h64a96,96,0,0,1,96,96A16,16,0,0,1,400,448Z\"><\/path><\/svg>\t\t\t<\/span>\n\t\t\t\t\t\t\t\t\t<span class=\"elementor-button-text\">VOLTAR PARA HOME<\/span>\n\t\t\t\t\t<\/span>\n\t\t\t\t\t<\/a>\n\t\t\t\t<\/div>\n\t\t\t\t\t\t\t\t<\/div>\n\t\t\t\t<\/div>\n\t\t\t\t<\/div>\n\t\t\t\t<section class=\"elementor-section elementor-top-section elementor-element elementor-element-ab3da20 elementor-section-height-min-height elementor-section-boxed elementor-section-height-default elementor-section-items-middle\" data-id=\"ab3da20\" data-element_type=\"section\" data-e-type=\"section\">\n\t\t\t\t\t\t<div class=\"elementor-container elementor-column-gap-default\">\n\t\t\t\t\t<div class=\"elementor-column elementor-col-100 elementor-top-column elementor-element elementor-element-ae52452\" data-id=\"ae52452\" data-element_type=\"column\" data-e-type=\"column\">\n\t\t\t<div class=\"elementor-widget-wrap elementor-element-populated\">\n\t\t\t\t\t\t<div class=\"elementor-element elementor-element-5a137163 elementor-widget elementor-widget-heading\" data-id=\"5a137163\" data-element_type=\"widget\" data-e-type=\"widget\" data-widget_type=\"heading.default\">\n\t\t\t\t<div class=\"elementor-widget-container\">\n\t\t\t\t\t<h2 class=\"elementor-heading-title elementor-size-default\">VACINA HEXAVALENTE:<\/h2>\t\t\t\t<\/div>\n\t\t\t\t<\/div>\n\t\t\t\t<div class=\"elementor-element elementor-element-90ea6f5 elementor-widget elementor-widget-heading\" data-id=\"90ea6f5\" data-element_type=\"widget\" data-e-type=\"widget\" data-widget_type=\"heading.default\">\n\t\t\t\t<div class=\"elementor-widget-container\">\n\t\t\t\t\t<h2 class=\"elementor-heading-title elementor-size-default\">A VACINA QUE TRAZ MAIS PREVEN\u00c7\u00c3O COM MENOS INJE\u00c7\u00d5ES (PICADAS) EM NOSSOS BEB\u00caS<\/h2>\t\t\t\t<\/div>\n\t\t\t\t<\/div>\n\t\t\t\t<section class=\"elementor-section elementor-inner-section elementor-element elementor-element-5f714821 elementor-section-boxed elementor-section-height-default elementor-section-height-default\" data-id=\"5f714821\" data-element_type=\"section\" data-e-type=\"section\">\n\t\t\t\t\t\t<div class=\"elementor-container elementor-column-gap-default\">\n\t\t\t\t\t<div class=\"elementor-column elementor-col-50 elementor-inner-column elementor-element elementor-element-4e629c35\" data-id=\"4e629c35\" data-element_type=\"column\" data-e-type=\"column\">\n\t\t\t<div class=\"elementor-widget-wrap elementor-element-populated\">\n\t\t\t\t\t\t<div class=\"elementor-element elementor-element-74c155dc elementor-widget elementor-widget-image\" data-id=\"74c155dc\" data-element_type=\"widget\" data-e-type=\"widget\" data-widget_type=\"image.default\">\n\t\t\t\t<div class=\"elementor-widget-container\">\n\t\t\t\t\t\t\t\t\t\t\t\t\t\t\t<img fetchpriority=\"high\" decoding=\"async\" width=\"1024\" height=\"576\" src=\"https:\/\/blogclinicsaude.farmaponte.com.br\/wp-content\/uploads\/2025\/12\/1-1024x576.jpg\" class=\"elementor-animation-hang attachment-large size-large wp-image-1279\" alt=\"\" srcset=\"https:\/\/blogclinicsaude.farmaponte.com.br\/wp-content\/uploads\/2025\/12\/1-1024x576.jpg 1024w, https:\/\/blogclinicsaude.farmaponte.com.br\/wp-content\/uploads\/2025\/12\/1-300x169.jpg 300w, https:\/\/blogclinicsaude.farmaponte.com.br\/wp-content\/uploads\/2025\/12\/1-768x432.jpg 768w, https:\/\/blogclinicsaude.farmaponte.com.br\/wp-content\/uploads\/2025\/12\/1-1536x864.jpg 1536w, https:\/\/blogclinicsaude.farmaponte.com.br\/wp-content\/uploads\/2025\/12\/1.jpg 1920w\" sizes=\"(max-width: 1024px) 100vw, 1024px\" \/>\t\t\t\t\t\t\t\t\t\t\t\t\t\t\t<\/div>\n\t\t\t\t<\/div>\n\t\t\t\t\t<\/div>\n\t\t<\/div>\n\t\t\t\t<div class=\"elementor-column elementor-col-50 elementor-inner-column elementor-element elementor-element-70ee1860\" data-id=\"70ee1860\" data-element_type=\"column\" data-e-type=\"column\" data-settings=\"{&quot;background_background&quot;:&quot;classic&quot;}\">\n\t\t\t<div class=\"elementor-widget-wrap elementor-element-populated\">\n\t\t\t\t\t\t<div class=\"elementor-element elementor-element-f22f42d elementor-widget elementor-widget-text-editor\" data-id=\"f22f42d\" data-element_type=\"widget\" data-e-type=\"widget\" data-widget_type=\"text-editor.default\">\n\t\t\t\t<div class=\"elementor-widget-container\">\n\t\t\t\t\t\t\t\t\t<p>A evolu\u00e7\u00e3o das vacinas combinadas representa um marco importante na prote\u00e7\u00e3o infantil. Desde as primeiras formula\u00e7\u00f5es monovalentes, aplicadas separadamente para cada doen\u00e7a, os imunizantes passaram por diversas melhorias at\u00e9 chegar \u00e0s vers\u00f5es que utilizamos hoje. A vacina Pentavalente, incorporada ao SUS em 2012, surgiu como uma resposta \u00e0 necessidade de ampliar a cobertura vacinal e reduzir o n\u00famero de inje\u00e7\u00f5es aplicadas nos primeiros meses de vida. Essa formula\u00e7\u00e3o re\u00fane em um \u00fanico frasco a prote\u00e7\u00e3o contra doen\u00e7as historicamente graves, como difteria, conhecida pelas complica\u00e7\u00f5es respirat\u00f3rias; t\u00e9tano, associado a espasmos musculares intensos; coqueluche, que causa crises prolongadas de tosse; hepatite B, capaz de evoluir para cirrose e c\u00e2ncer hep\u00e1tico; e infec\u00e7\u00f5es invasivas por Haemophilus influenzae tipo b, respons\u00e1veis por meningite e pneumonias severas em crian\u00e7as pequenas.<\/p>\t\t\t\t\t\t\t\t<\/div>\n\t\t\t\t<\/div>\n\t\t\t\t\t<\/div>\n\t\t<\/div>\n\t\t\t\t\t<\/div>\n\t\t<\/section>\n\t\t\t\t<section class=\"elementor-section elementor-inner-section elementor-element elementor-element-647dd32 elementor-reverse-mobile elementor-section-boxed elementor-section-height-default elementor-section-height-default\" data-id=\"647dd32\" data-element_type=\"section\" data-e-type=\"section\">\n\t\t\t\t\t\t<div class=\"elementor-container elementor-column-gap-default\">\n\t\t\t\t\t<div class=\"elementor-column elementor-col-50 elementor-inner-column elementor-element elementor-element-45e9461\" data-id=\"45e9461\" data-element_type=\"column\" data-e-type=\"column\" data-settings=\"{&quot;background_background&quot;:&quot;classic&quot;}\">\n\t\t\t<div class=\"elementor-widget-wrap elementor-element-populated\">\n\t\t\t\t\t\t<div class=\"elementor-element elementor-element-7627b13 elementor-widget elementor-widget-text-editor\" data-id=\"7627b13\" data-element_type=\"widget\" data-e-type=\"widget\" data-widget_type=\"text-editor.default\">\n\t\t\t\t<div class=\"elementor-widget-container\">\n\t\t\t\t\t\t\t\t\t<p>Com o avan\u00e7o tecnol\u00f3gico, a ind\u00fastria farmac\u00eautica desenvolveu a vacina Hexavalente, que amplia esse escopo ao incluir tamb\u00e9m a prote\u00e7\u00e3o contra a poliomielite, doen\u00e7a viral que pode provocar paralisia permanente. Al\u00e9m de unir seis imunizantes em uma \u00fanica aplica\u00e7\u00e3o, essa vers\u00e3o moderna apresenta uma formula\u00e7\u00e3o acelular para coqueluche, o que reduz significativamente as rea\u00e7\u00f5es adversas. A incorpora\u00e7\u00e3o dessas combina\u00e7\u00f5es representou um progresso importante na ades\u00e3o aos calend\u00e1rios vacinais, facilitando a vida dos respons\u00e1veis e fortalecendo a preven\u00e7\u00e3o precoce contra doen\u00e7as que, antes da vacina\u00e7\u00e3o em massa, eram respons\u00e1veis por surtos e altas taxas de mortalidade infantil.<\/p>\t\t\t\t\t\t\t\t<\/div>\n\t\t\t\t<\/div>\n\t\t\t\t\t<\/div>\n\t\t<\/div>\n\t\t\t\t<div class=\"elementor-column elementor-col-50 elementor-inner-column elementor-element elementor-element-712c0078\" data-id=\"712c0078\" data-element_type=\"column\" data-e-type=\"column\">\n\t\t\t<div class=\"elementor-widget-wrap elementor-element-populated\">\n\t\t\t\t\t\t<div class=\"elementor-element elementor-element-2f87d7dc elementor-widget elementor-widget-image\" data-id=\"2f87d7dc\" data-element_type=\"widget\" data-e-type=\"widget\" data-widget_type=\"image.default\">\n\t\t\t\t<div class=\"elementor-widget-container\">\n\t\t\t\t\t\t\t\t\t\t\t\t\t\t\t<img decoding=\"async\" width=\"1024\" height=\"576\" src=\"https:\/\/blogclinicsaude.farmaponte.com.br\/wp-content\/uploads\/2025\/12\/2-1024x576.jpg\" class=\"elementor-animation-hang attachment-large size-large wp-image-1280\" alt=\"\" srcset=\"https:\/\/blogclinicsaude.farmaponte.com.br\/wp-content\/uploads\/2025\/12\/2-1024x576.jpg 1024w, https:\/\/blogclinicsaude.farmaponte.com.br\/wp-content\/uploads\/2025\/12\/2-300x169.jpg 300w, https:\/\/blogclinicsaude.farmaponte.com.br\/wp-content\/uploads\/2025\/12\/2-768x432.jpg 768w, https:\/\/blogclinicsaude.farmaponte.com.br\/wp-content\/uploads\/2025\/12\/2-1536x864.jpg 1536w, https:\/\/blogclinicsaude.farmaponte.com.br\/wp-content\/uploads\/2025\/12\/2.jpg 1920w\" sizes=\"(max-width: 1024px) 100vw, 1024px\" \/>\t\t\t\t\t\t\t\t\t\t\t\t\t\t\t<\/div>\n\t\t\t\t<\/div>\n\t\t\t\t\t<\/div>\n\t\t<\/div>\n\t\t\t\t\t<\/div>\n\t\t<\/section>\n\t\t\t\t<section class=\"elementor-section elementor-inner-section elementor-element elementor-element-c2f1650 elementor-section-boxed elementor-section-height-default elementor-section-height-default\" data-id=\"c2f1650\" data-element_type=\"section\" data-e-type=\"section\">\n\t\t\t\t\t\t<div class=\"elementor-container elementor-column-gap-default\">\n\t\t\t\t\t<div class=\"elementor-column elementor-col-50 elementor-inner-column elementor-element elementor-element-787e9c7\" data-id=\"787e9c7\" data-element_type=\"column\" data-e-type=\"column\">\n\t\t\t<div class=\"elementor-widget-wrap elementor-element-populated\">\n\t\t\t\t\t\t<div class=\"elementor-element elementor-element-35f781d elementor-widget elementor-widget-image\" data-id=\"35f781d\" data-element_type=\"widget\" data-e-type=\"widget\" data-widget_type=\"image.default\">\n\t\t\t\t<div class=\"elementor-widget-container\">\n\t\t\t\t\t\t\t\t\t\t\t\t\t\t\t<img decoding=\"async\" width=\"1024\" height=\"576\" src=\"https:\/\/blogclinicsaude.farmaponte.com.br\/wp-content\/uploads\/2025\/12\/3-1024x576.jpg\" class=\"elementor-animation-hang attachment-large size-large wp-image-1281\" alt=\"\" srcset=\"https:\/\/blogclinicsaude.farmaponte.com.br\/wp-content\/uploads\/2025\/12\/3-1024x576.jpg 1024w, https:\/\/blogclinicsaude.farmaponte.com.br\/wp-content\/uploads\/2025\/12\/3-300x169.jpg 300w, https:\/\/blogclinicsaude.farmaponte.com.br\/wp-content\/uploads\/2025\/12\/3-768x432.jpg 768w, https:\/\/blogclinicsaude.farmaponte.com.br\/wp-content\/uploads\/2025\/12\/3-1536x864.jpg 1536w, https:\/\/blogclinicsaude.farmaponte.com.br\/wp-content\/uploads\/2025\/12\/3.jpg 1920w\" sizes=\"(max-width: 1024px) 100vw, 1024px\" \/>\t\t\t\t\t\t\t\t\t\t\t\t\t\t\t<\/div>\n\t\t\t\t<\/div>\n\t\t\t\t\t<\/div>\n\t\t<\/div>\n\t\t\t\t<div class=\"elementor-column elementor-col-50 elementor-inner-column elementor-element elementor-element-f32bd78\" data-id=\"f32bd78\" data-element_type=\"column\" data-e-type=\"column\" data-settings=\"{&quot;background_background&quot;:&quot;classic&quot;}\">\n\t\t\t<div class=\"elementor-widget-wrap elementor-element-populated\">\n\t\t\t\t\t\t<div class=\"elementor-element elementor-element-a49e111 elementor-widget elementor-widget-text-editor\" data-id=\"a49e111\" data-element_type=\"widget\" data-e-type=\"widget\" data-widget_type=\"text-editor.default\">\n\t\t\t\t<div class=\"elementor-widget-container\">\n\t\t\t\t\t\t\t\t\t<p><strong>\u00c9 F\u00c1CIL PREVENIR HEPATITE, T\u00c9TANO, MENINGITE E PNEUMONIAS EM NOSSAS CRIAN\u00c7AS: ENTENDA AS VACINAS PENTAVALENTES E HEXAVALENTES E SAIBA QUAIS S\u00c3O SUAS VANTAGENS<\/strong><\/p><p>Proteger a sa\u00fade das crian\u00e7as \u00e9 algo que come\u00e7a muito antes dos primeiros passos. Entre as estrat\u00e9gias mais eficazes e acess\u00edveis, a vacina\u00e7\u00e3o ocupa posi\u00e7\u00e3o de destaque ao prevenir doen\u00e7as graves como hepatite B, t\u00e9tano, coqueluche, meningite por Haemophilus influenzae tipo b e diversas pneumonias bacterianas. No Brasil, duas vacinas se tornaram protagonistas na prote\u00e7\u00e3o infantil contra esse conjunto de enfermidades: a Pentavalente, oferecida pelo Sistema \u00danico de Sa\u00fade (SUS), e a Hexavalente, dispon\u00edvel exclusivamente na rede privada. Embora ambas sejam altamente eficazes, existem diferen\u00e7as importantes entre elas, especialmente no conforto da aplica\u00e7\u00e3o, na tecnologia empregada e na composi\u00e7\u00e3o.<\/p><p>A Pentavalente re\u00fane cinco imunizantes em uma s\u00f3 dose e integra o calend\u00e1rio de rotina aos 2, 4 e 6 meses de idade, sempre combinada \u00e0 vacina de p\u00f3lio inativada (VIP). J\u00e1 a Hexavalente avan\u00e7a um passo al\u00e9m: agrega tamb\u00e9m a prote\u00e7\u00e3o contra poliomielite no mesmo frasco, reduzindo o n\u00famero de picadas e diminuindo as chances de rea\u00e7\u00f5es adversas devido \u00e0 sua formula\u00e7\u00e3o acelular para coqueluche. Essa diferen\u00e7a n\u00e3o apenas facilita a ades\u00e3o ao calend\u00e1rio, mas tamb\u00e9m torna a experi\u00eancia mais tranquila para beb\u00eas e respons\u00e1veis.<\/p><p>\u00a0<\/p>\t\t\t\t\t\t\t\t<\/div>\n\t\t\t\t<\/div>\n\t\t\t\t\t<\/div>\n\t\t<\/div>\n\t\t\t\t\t<\/div>\n\t\t<\/section>\n\t\t\t\t<section class=\"elementor-section elementor-inner-section elementor-element elementor-element-457912c elementor-reverse-mobile elementor-section-boxed elementor-section-height-default elementor-section-height-default\" data-id=\"457912c\" data-element_type=\"section\" data-e-type=\"section\">\n\t\t\t\t\t\t<div class=\"elementor-container elementor-column-gap-default\">\n\t\t\t\t\t<div class=\"elementor-column elementor-col-50 elementor-inner-column elementor-element elementor-element-ade97a4\" data-id=\"ade97a4\" data-element_type=\"column\" data-e-type=\"column\" data-settings=\"{&quot;background_background&quot;:&quot;classic&quot;}\">\n\t\t\t<div class=\"elementor-widget-wrap elementor-element-populated\">\n\t\t\t\t\t\t<div class=\"elementor-element elementor-element-947916a elementor-widget elementor-widget-text-editor\" data-id=\"947916a\" data-element_type=\"widget\" data-e-type=\"widget\" data-widget_type=\"text-editor.default\">\n\t\t\t\t<div class=\"elementor-widget-container\">\n\t\t\t\t\t\t\t\t\t<p>Um dos benef\u00edcios mais relevantes da abordagem combinada \u00e9 evitar m\u00faltiplas inje\u00e7\u00f5es no mesmo dia. Enquanto a Pentavalente exige a aplica\u00e7\u00e3o separada da VIP, a Hexavalente realiza todo o processo em uma \u00fanica picada, tornando-se uma op\u00e7\u00e3o mais confort\u00e1vel, especialmente para beb\u00eas sens\u00edveis ou fam\u00edlias que preferem minimizar o estresse das consultas. Ambas as vacinas, entretanto, proporcionam excelente n\u00edvel de prote\u00e7\u00e3o e seguem padr\u00f5es internacionais de efic\u00e1cia e seguran\u00e7a, sendo amplamente recomendadas por sociedades pedi\u00e1tricas e \u00f3rg\u00e3os de sa\u00fade.<\/p><p><strong>ESQUEMA VACINAL DA PENTAVALENTE (SUS)<\/strong><\/p><p>1\u00aa dose \u2013 2 meses \u2013 Pentavalente + VIP<\/p><p>2\u00aa dose \u2013 4 meses \u2013 Pentavalente + VIP<\/p><p>3\u00aa dose \u2013 6 meses \u2013 Pentavalente + VIP<\/p><p><strong>(Duas inje\u00e7\u00f5es cada dose)<\/strong><\/p><p><strong>\u00a0<\/strong><\/p><p><strong>ESQUEMA VACINAL DA HEXAVALENTE (FARM\u00c1CIAS E CL\u00cdNICAS PARTICULARES)<\/strong><\/p><p><strong>1\u00aa dose:<\/strong>\u00a02 meses de idade<\/p><p><strong>2\u00aa dose:<\/strong>\u00a04 meses de idade<\/p><p><strong>3\u00aa dose:<\/strong>\u00a06 meses de idade<\/p><p><strong>(Uma inje\u00e7\u00e3o cada dose)<\/strong><\/p>\t\t\t\t\t\t\t\t<\/div>\n\t\t\t\t<\/div>\n\t\t\t\t\t<\/div>\n\t\t<\/div>\n\t\t\t\t<div class=\"elementor-column elementor-col-50 elementor-inner-column elementor-element elementor-element-b26a5e9\" data-id=\"b26a5e9\" data-element_type=\"column\" data-e-type=\"column\">\n\t\t\t<div class=\"elementor-widget-wrap elementor-element-populated\">\n\t\t\t\t\t\t<div class=\"elementor-element elementor-element-12b76e6 elementor-widget elementor-widget-image\" data-id=\"12b76e6\" data-element_type=\"widget\" data-e-type=\"widget\" data-widget_type=\"image.default\">\n\t\t\t\t<div class=\"elementor-widget-container\">\n\t\t\t\t\t\t\t\t\t\t\t\t\t\t\t<img loading=\"lazy\" decoding=\"async\" width=\"1024\" height=\"576\" src=\"https:\/\/blogclinicsaude.farmaponte.com.br\/wp-content\/uploads\/2025\/12\/4-1024x576.jpg\" class=\"elementor-animation-hang attachment-large size-large wp-image-1282\" alt=\"\" srcset=\"https:\/\/blogclinicsaude.farmaponte.com.br\/wp-content\/uploads\/2025\/12\/4-1024x576.jpg 1024w, https:\/\/blogclinicsaude.farmaponte.com.br\/wp-content\/uploads\/2025\/12\/4-300x169.jpg 300w, https:\/\/blogclinicsaude.farmaponte.com.br\/wp-content\/uploads\/2025\/12\/4-768x432.jpg 768w, https:\/\/blogclinicsaude.farmaponte.com.br\/wp-content\/uploads\/2025\/12\/4-1536x864.jpg 1536w, https:\/\/blogclinicsaude.farmaponte.com.br\/wp-content\/uploads\/2025\/12\/4.jpg 1920w\" sizes=\"(max-width: 1024px) 100vw, 1024px\" \/>\t\t\t\t\t\t\t\t\t\t\t\t\t\t\t<\/div>\n\t\t\t\t<\/div>\n\t\t\t\t\t<\/div>\n\t\t<\/div>\n\t\t\t\t\t<\/div>\n\t\t<\/section>\n\t\t\t\t<div class=\"elementor-element elementor-element-d7af7c0 elementor-widget elementor-widget-text-editor\" data-id=\"d7af7c0\" data-element_type=\"widget\" data-e-type=\"widget\" data-widget_type=\"text-editor.default\">\n\t\t\t\t<div class=\"elementor-widget-container\">\n\t\t\t\t\t\t\t\t\t<p><strong>PRINCIPAIS VANTAGENS DA HEXAVALENTE:<\/strong><\/p><p>&#8211; Reduz o n\u00famero de picadas por consulta.<\/p><p>&#8211; Menor risco de febre e desconforto devido \u00e0 formula\u00e7\u00e3o acelular contra coqueluche.<\/p><p>&#8211; Inclui a poliomielite na mesma apresenta\u00e7\u00e3o, evitando aplica\u00e7\u00f5es separadas.<\/p><p>&#8211; Diminui a probabilidade de abandono do esquema vacinal.<\/p><p>&#8211; Apresenta tecnologia mais moderna e com menos componentes reacionais.<\/p>\t\t\t\t\t\t\t\t<\/div>\n\t\t\t\t<\/div>\n\t\t\t\t<div class=\"elementor-element elementor-element-37e2fa4 elementor-widget elementor-widget-heading\" data-id=\"37e2fa4\" data-element_type=\"widget\" data-e-type=\"widget\" data-widget_type=\"heading.default\">\n\t\t\t\t<div class=\"elementor-widget-container\">\n\t\t\t\t\t<h3 class=\"elementor-heading-title elementor-size-default\">CONCLUS\u00c3O<\/h3>\t\t\t\t<\/div>\n\t\t\t\t<\/div>\n\t\t\t\t<div class=\"elementor-element elementor-element-03d6e8d elementor-widget elementor-widget-text-editor\" data-id=\"03d6e8d\" data-element_type=\"widget\" data-e-type=\"widget\" data-widget_type=\"text-editor.default\">\n\t\t\t\t<div class=\"elementor-widget-container\">\n\t\t\t\t\t\t\t\t\t<p>A vacina\u00e7\u00e3o de rotina \u00e9 uma das formas mais simples e eficientes de manter nossas crian\u00e7as protegidas contra doen\u00e7as potencialmente graves. Tanto a Pentavalente quanto a Hexavalente oferecem seguran\u00e7a e efic\u00e1cia, mas a vers\u00e3o combinada dispon\u00edvel na rede privada amplia o conforto e reduz o n\u00famero de picadas, o que pode representar um diferencial importante para muitas fam\u00edlias. Independentemente da escolha, o fundamental \u00e9 garantir que o esquema seja iniciado e conclu\u00eddo dentro das idades recomendadas, garantindo prote\u00e7\u00e3o plena nos primeiros anos de vida.<\/p>\t\t\t\t\t\t\t\t<\/div>\n\t\t\t\t<\/div>\n\t\t\t\t<div class=\"elementor-element elementor-element-6d16994 elementor-widget elementor-widget-text-editor\" data-id=\"6d16994\" data-element_type=\"widget\" data-e-type=\"widget\" data-widget_type=\"text-editor.default\">\n\t\t\t\t<div class=\"elementor-widget-container\">\n\t\t\t\t\t\t\t\t\t<div data-breakout=\"normal\"><p>AUTOR: DANIEL R ALVES JR.FARMAC\u00caUTICO BIOQU\u00cdMICO: CRF SP 39673. ESPECIALISTA DE TREINAMENTO EM VENDAS, ATEN\u00c7\u00c3O FARMAC\u00caUTICA E VACINA\u00c7\u00c3O.<\/p><p id=\"viewer-0mzdd16198\" class=\"ZuC5J faq2B YCZ-u YZYFQ\" dir=\"auto\"><span class=\"deJ7P YCZ-u\">Todas as informa\u00e7\u00f5es redigidas neste artigo, possuem as seguintes refer\u00eancias:<\/span>\u00a0<\/p><p>BRASIL. Minist\u00e9rio da Sa\u00fade. Calend\u00e1rio Nacional de Vacina\u00e7\u00e3o 2024. Secretaria de Vigil\u00e2ncia em Sa\u00fade e Ambiente. Bras\u00edlia: Minist\u00e9rio da Sa\u00fade, 2024. Dispon\u00edvel em: https:\/\/www.gov.br\/saude. Acesso em: 26 nov. 2025.<\/p><p>BRASIL. Minist\u00e9rio da Sa\u00fade. Manual de Normas e Procedimentos para Vacina\u00e7\u00e3o. 2. ed. Bras\u00edlia: Minist\u00e9rio da Sa\u00fade, 2014. Dispon\u00edvel em: https:\/\/www.gov.br\/saude. Acesso em: 26 nov. 2025.<\/p><p>SOCIEDADE BRASILEIRA DE IMUNIZA\u00c7\u00d5ES (SBIm). Guia de Imuniza\u00e7\u00f5es 2024-2025. S\u00e3o Paulo: SBIm, 2024. Dispon\u00edvel em: https:\/\/sbim.org.br. Acesso em: 26 nov. 2025.<\/p><\/div>\t\t\t\t\t\t\t\t<\/div>\n\t\t\t\t<\/div>\n\t\t\t\t\t<\/div>\n\t\t<\/div>\n\t\t\t\t\t<\/div>\n\t\t<\/section>\n\t\t<div class=\"elementor-element elementor-element-095309e e-flex e-con-boxed e-con e-parent\" data-id=\"095309e\" data-element_type=\"container\" data-e-type=\"container\" data-settings=\"{&quot;background_background&quot;:&quot;classic&quot;}\">\n\t\t\t\t\t<div class=\"e-con-inner\">\n\t\t\t\t<div class=\"elementor-element elementor-element-4aefea3 elementor-widget elementor-widget-heading\" data-id=\"4aefea3\" data-element_type=\"widget\" data-e-type=\"widget\" data-widget_type=\"heading.default\">\n\t\t\t\t<div class=\"elementor-widget-container\">\n\t\t\t\t\t<h2 class=\"elementor-heading-title elementor-size-default\"> 2024 Clinic Saude Farma Ponte \u00ae - Todos os direitos reservados.<\/h2>\t\t\t\t<\/div>\n\t\t\t\t<\/div>\n\t\t\t\t\t<\/div>\n\t\t\t\t<\/div>\n\t\t\t\t<\/div>\n\t\t","protected":false},"excerpt":{"rendered":"<p>VOLTAR PARA HOME VACINA HEXAVALENTE: A VACINA QUE TRAZ MAIS PREVEN\u00c7\u00c3O COM MENOS INJE\u00c7\u00d5ES (PICADAS) EM NOSSOS BEB\u00caS A evolu\u00e7\u00e3o das vacinas combinadas representa um marco importante na prote\u00e7\u00e3o infantil. Desde as primeiras formula\u00e7\u00f5es monovalentes, aplicadas separadamente para cada doen\u00e7a, os imunizantes passaram por diversas melhorias at\u00e9 chegar \u00e0s vers\u00f5es que utilizamos hoje. A vacina [&hellip;]<\/p>\n","protected":false},"author":1,"featured_media":0,"parent":0,"menu_order":0,"comment_status":"closed","ping_status":"closed","template":"elementor_canvas","meta":{"footnotes":""},"class_list":["post-1277","page","type-page","status-publish","hentry"],"_links":{"self":[{"href":"https:\/\/blogclinicsaude.farmaponte.com.br\/index.php?rest_route=\/wp\/v2\/pages\/1277","targetHints":{"allow":["GET"]}}],"collection":[{"href":"https:\/\/blogclinicsaude.farmaponte.com.br\/index.php?rest_route=\/wp\/v2\/pages"}],"about":[{"href":"https:\/\/blogclinicsaude.farmaponte.com.br\/index.php?rest_route=\/wp\/v2\/types\/page"}],"author":[{"embeddable":true,"href":"https:\/\/blogclinicsaude.farmaponte.com.br\/index.php?rest_route=\/wp\/v2\/users\/1"}],"replies":[{"embeddable":true,"href":"https:\/\/blogclinicsaude.farmaponte.com.br\/index.php?rest_route=%2Fwp%2Fv2%2Fcomments&post=1277"}],"version-history":[{"count":4,"href":"https:\/\/blogclinicsaude.farmaponte.com.br\/index.php?rest_route=\/wp\/v2\/pages\/1277\/revisions"}],"predecessor-version":[{"id":1285,"href":"https:\/\/blogclinicsaude.farmaponte.com.br\/index.php?rest_route=\/wp\/v2\/pages\/1277\/revisions\/1285"}],"wp:attachment":[{"href":"https:\/\/blogclinicsaude.farmaponte.com.br\/index.php?rest_route=%2Fwp%2Fv2%2Fmedia&parent=1277"}],"curies":[{"name":"wp","href":"https:\/\/api.w.org\/{rel}","templated":true}]}}