{"id":1298,"date":"2025-12-30T16:10:40","date_gmt":"2025-12-30T19:10:40","guid":{"rendered":"https:\/\/blogclinicsaude.farmaponte.com.br\/?page_id=1298"},"modified":"2025-12-30T16:15:56","modified_gmt":"2025-12-30T19:15:56","slug":"testes-rapidos-em-farmacias","status":"publish","type":"page","link":"https:\/\/blogclinicsaude.farmaponte.com.br\/?page_id=1298","title":{"rendered":"TESTES R\u00c1PIDOS EM FARM\u00c1CIAS"},"content":{"rendered":"\t\t<div data-elementor-type=\"wp-page\" data-elementor-id=\"1298\" class=\"elementor elementor-1298\">\n\t\t\t\t<div class=\"elementor-element elementor-element-aa4c00f e-con-full elementor-hidden-tablet elementor-hidden-mobile e-flex e-con e-parent\" data-id=\"aa4c00f\" data-element_type=\"container\" data-e-type=\"container\">\n\t\t\t\t<div class=\"elementor-element elementor-element-a1ac705 elementor-widget elementor-widget-button\" data-id=\"a1ac705\" data-element_type=\"widget\" data-e-type=\"widget\" data-widget_type=\"button.default\">\n\t\t\t\t<div class=\"elementor-widget-container\">\n\t\t\t\t\t\t\t\t\t<div class=\"elementor-button-wrapper\">\n\t\t\t\t\t<a class=\"elementor-button elementor-button-link elementor-size-sm\" href=\"https:\/\/blogclinicsaude.farmaponte.com.br\/\">\n\t\t\t\t\t\t<span class=\"elementor-button-content-wrapper\">\n\t\t\t\t\t\t<span class=\"elementor-button-icon\">\n\t\t\t\t<svg aria-hidden=\"true\" class=\"e-font-icon-svg e-fas-house-user\" viewBox=\"0 0 576 512\" xmlns=\"http:\/\/www.w3.org\/2000\/svg\"><path d=\"M570.69,236.27,512,184.44V48a16,16,0,0,0-16-16H432a16,16,0,0,0-16,16V99.67L314.78,10.3C308.5,4.61,296.53,0,288,0s-20.46,4.61-26.74,10.3l-256,226A18.27,18.27,0,0,0,0,248.2a18.64,18.64,0,0,0,4.09,10.71L25.5,282.7a21.14,21.14,0,0,0,12,5.3,21.67,21.67,0,0,0,10.69-4.11l15.9-14V480a32,32,0,0,0,32,32H480a32,32,0,0,0,32-32V269.88l15.91,14A21.94,21.94,0,0,0,538.63,288a20.89,20.89,0,0,0,11.87-5.31l21.41-23.81A21.64,21.64,0,0,0,576,248.19,21,21,0,0,0,570.69,236.27ZM288,176a64,64,0,1,1-64,64A64,64,0,0,1,288,176ZM400,448H176a16,16,0,0,1-16-16,96,96,0,0,1,96-96h64a96,96,0,0,1,96,96A16,16,0,0,1,400,448Z\"><\/path><\/svg>\t\t\t<\/span>\n\t\t\t\t\t\t\t\t\t<span class=\"elementor-button-text\">VOLTAR PARA HOME<\/span>\n\t\t\t\t\t<\/span>\n\t\t\t\t\t<\/a>\n\t\t\t\t<\/div>\n\t\t\t\t\t\t\t\t<\/div>\n\t\t\t\t<\/div>\n\t\t\t\t<\/div>\n\t\t\t\t<section class=\"elementor-section elementor-top-section elementor-element elementor-element-ab3da20 elementor-section-height-min-height elementor-section-boxed elementor-section-height-default elementor-section-items-middle\" data-id=\"ab3da20\" data-element_type=\"section\" data-e-type=\"section\">\n\t\t\t\t\t\t<div class=\"elementor-container elementor-column-gap-default\">\n\t\t\t\t\t<div class=\"elementor-column elementor-col-100 elementor-top-column elementor-element elementor-element-ae52452\" data-id=\"ae52452\" data-element_type=\"column\" data-e-type=\"column\">\n\t\t\t<div class=\"elementor-widget-wrap elementor-element-populated\">\n\t\t\t\t\t\t<div class=\"elementor-element elementor-element-5a137163 elementor-widget elementor-widget-heading\" data-id=\"5a137163\" data-element_type=\"widget\" data-e-type=\"widget\" data-widget_type=\"heading.default\">\n\t\t\t\t<div class=\"elementor-widget-container\">\n\t\t\t\t\t<h2 class=\"elementor-heading-title elementor-size-default\">TESTES R\u00c1PIDOS EM FARM\u00c1CIAS:<\/h2>\t\t\t\t<\/div>\n\t\t\t\t<\/div>\n\t\t\t\t<div class=\"elementor-element elementor-element-90ea6f5 elementor-widget elementor-widget-heading\" data-id=\"90ea6f5\" data-element_type=\"widget\" data-e-type=\"widget\" data-widget_type=\"heading.default\">\n\t\t\t\t<div class=\"elementor-widget-container\">\n\t\t\t\t\t<h2 class=\"elementor-heading-title elementor-size-default\">O QUE S\u00c3O, PARA QUE SERVEM E POR QUE ELES IMPORTAM PARA SUA SA\u00daDE<\/h2>\t\t\t\t<\/div>\n\t\t\t\t<\/div>\n\t\t\t\t<section class=\"elementor-section elementor-inner-section elementor-element elementor-element-5f714821 elementor-section-boxed elementor-section-height-default elementor-section-height-default\" data-id=\"5f714821\" data-element_type=\"section\" data-e-type=\"section\">\n\t\t\t\t\t\t<div class=\"elementor-container elementor-column-gap-default\">\n\t\t\t\t\t<div class=\"elementor-column elementor-col-50 elementor-inner-column elementor-element elementor-element-4e629c35\" data-id=\"4e629c35\" data-element_type=\"column\" data-e-type=\"column\">\n\t\t\t<div class=\"elementor-widget-wrap elementor-element-populated\">\n\t\t\t\t\t\t<div class=\"elementor-element elementor-element-74c155dc elementor-widget elementor-widget-image\" data-id=\"74c155dc\" data-element_type=\"widget\" data-e-type=\"widget\" data-widget_type=\"image.default\">\n\t\t\t\t<div class=\"elementor-widget-container\">\n\t\t\t\t\t\t\t\t\t\t\t\t\t\t\t<img fetchpriority=\"high\" decoding=\"async\" width=\"1024\" height=\"576\" src=\"https:\/\/blogclinicsaude.farmaponte.com.br\/wp-content\/uploads\/2025\/12\/1-2-1024x576.jpg\" class=\"elementor-animation-hang attachment-large size-large wp-image-1300\" alt=\"\" srcset=\"https:\/\/blogclinicsaude.farmaponte.com.br\/wp-content\/uploads\/2025\/12\/1-2-1024x576.jpg 1024w, https:\/\/blogclinicsaude.farmaponte.com.br\/wp-content\/uploads\/2025\/12\/1-2-300x169.jpg 300w, https:\/\/blogclinicsaude.farmaponte.com.br\/wp-content\/uploads\/2025\/12\/1-2-768x432.jpg 768w, https:\/\/blogclinicsaude.farmaponte.com.br\/wp-content\/uploads\/2025\/12\/1-2-1536x864.jpg 1536w, https:\/\/blogclinicsaude.farmaponte.com.br\/wp-content\/uploads\/2025\/12\/1-2.jpg 1920w\" sizes=\"(max-width: 1024px) 100vw, 1024px\" \/>\t\t\t\t\t\t\t\t\t\t\t\t\t\t\t<\/div>\n\t\t\t\t<\/div>\n\t\t\t\t\t<\/div>\n\t\t<\/div>\n\t\t\t\t<div class=\"elementor-column elementor-col-50 elementor-inner-column elementor-element elementor-element-70ee1860\" data-id=\"70ee1860\" data-element_type=\"column\" data-e-type=\"column\" data-settings=\"{&quot;background_background&quot;:&quot;classic&quot;}\">\n\t\t\t<div class=\"elementor-widget-wrap elementor-element-populated\">\n\t\t\t\t\t\t<div class=\"elementor-element elementor-element-f22f42d elementor-widget elementor-widget-text-editor\" data-id=\"f22f42d\" data-element_type=\"widget\" data-e-type=\"widget\" data-widget_type=\"text-editor.default\">\n\t\t\t\t<div class=\"elementor-widget-container\">\n\t\t\t\t\t\t\t\t\t<p>Os testes r\u00e1pidos t\u00eam ganhado destaque nas farm\u00e1cias por oferecerem acesso facilitado a informa\u00e7\u00f5es essenciais sobre a sa\u00fade da popula\u00e7\u00e3o. Com resultados obtidos em poucos minutos, esses exames permitem uma avalia\u00e7\u00e3o inicial r\u00e1pida e segura, contribuindo para o diagn\u00f3stico precoce de diversas condi\u00e7\u00f5es cl\u00ednicas. Dessa forma, auxiliam tanto na tomada de decis\u00f5es imediatas quanto no encaminhamento adequado para outros servi\u00e7os de sa\u00fade quando necess\u00e1rio. Nesse cen\u00e1rio, a farm\u00e1cia passa a desempenhar um papel cada vez mais relevante no cuidado integral com a comunidade, aproximando o cidad\u00e3o dos servi\u00e7os de sa\u00fade.<\/p>\t\t\t\t\t\t\t\t<\/div>\n\t\t\t\t<\/div>\n\t\t\t\t\t<\/div>\n\t\t<\/div>\n\t\t\t\t\t<\/div>\n\t\t<\/section>\n\t\t\t\t<section class=\"elementor-section elementor-inner-section elementor-element elementor-element-647dd32 elementor-reverse-mobile elementor-section-boxed elementor-section-height-default elementor-section-height-default\" data-id=\"647dd32\" data-element_type=\"section\" data-e-type=\"section\">\n\t\t\t\t\t\t<div class=\"elementor-container elementor-column-gap-default\">\n\t\t\t\t\t<div class=\"elementor-column elementor-col-50 elementor-inner-column elementor-element elementor-element-45e9461\" data-id=\"45e9461\" data-element_type=\"column\" data-e-type=\"column\" data-settings=\"{&quot;background_background&quot;:&quot;classic&quot;}\">\n\t\t\t<div class=\"elementor-widget-wrap elementor-element-populated\">\n\t\t\t\t\t\t<div class=\"elementor-element elementor-element-034f345 elementor-widget elementor-widget-heading\" data-id=\"034f345\" data-element_type=\"widget\" data-e-type=\"widget\" data-widget_type=\"heading.default\">\n\t\t\t\t<div class=\"elementor-widget-container\">\n\t\t\t\t\t<h3 class=\"elementor-heading-title elementor-size-default\">O QUE S\u00c3O TESTES R\u00c1PIDOS E COMO FUNCIONAM<\/h3>\t\t\t\t<\/div>\n\t\t\t\t<\/div>\n\t\t\t\t<div class=\"elementor-element elementor-element-7627b13 elementor-widget elementor-widget-text-editor\" data-id=\"7627b13\" data-element_type=\"widget\" data-e-type=\"widget\" data-widget_type=\"text-editor.default\">\n\t\t\t\t<div class=\"elementor-widget-container\">\n\t\t\t\t\t\t\t\t\t<p>Os testes r\u00e1pidos s\u00e3o exames de triagem simples, realizados geralmente a partir de uma pequena amostra de sangue capilar, saliva ou secre\u00e7\u00e3o nasal. Eles utilizam m\u00e9todos imunol\u00f3gicos capazes de detectar a presen\u00e7a de ant\u00edgenos ou anticorpos relacionados a determinadas doen\u00e7as ou condi\u00e7\u00f5es de sa\u00fade. Apesar da agilidade nos resultados, esses testes seguem crit\u00e9rios rigorosos de qualidade, precis\u00e3o e seguran\u00e7a. Antes de serem disponibilizados ao p\u00fablico, passam por avalia\u00e7\u00e3o e aprova\u00e7\u00e3o de \u00f3rg\u00e3os reguladores, como a Ag\u00eancia Nacional de Vigil\u00e2ncia Sanit\u00e1ria (ANVISA), garantindo sua confiabilidade quando corretamente utilizados.<\/p>\t\t\t\t\t\t\t\t<\/div>\n\t\t\t\t<\/div>\n\t\t\t\t\t<\/div>\n\t\t<\/div>\n\t\t\t\t<div class=\"elementor-column elementor-col-50 elementor-inner-column elementor-element elementor-element-712c0078\" data-id=\"712c0078\" data-element_type=\"column\" data-e-type=\"column\">\n\t\t\t<div class=\"elementor-widget-wrap elementor-element-populated\">\n\t\t\t\t\t\t<div class=\"elementor-element elementor-element-2f87d7dc elementor-widget elementor-widget-image\" data-id=\"2f87d7dc\" data-element_type=\"widget\" data-e-type=\"widget\" data-widget_type=\"image.default\">\n\t\t\t\t<div class=\"elementor-widget-container\">\n\t\t\t\t\t\t\t\t\t\t\t\t\t\t\t<img decoding=\"async\" width=\"1024\" height=\"576\" src=\"https:\/\/blogclinicsaude.farmaponte.com.br\/wp-content\/uploads\/2025\/12\/2-2-1024x576.jpg\" class=\"elementor-animation-hang attachment-large size-large wp-image-1301\" alt=\"\" srcset=\"https:\/\/blogclinicsaude.farmaponte.com.br\/wp-content\/uploads\/2025\/12\/2-2-1024x576.jpg 1024w, https:\/\/blogclinicsaude.farmaponte.com.br\/wp-content\/uploads\/2025\/12\/2-2-300x169.jpg 300w, https:\/\/blogclinicsaude.farmaponte.com.br\/wp-content\/uploads\/2025\/12\/2-2-768x432.jpg 768w, https:\/\/blogclinicsaude.farmaponte.com.br\/wp-content\/uploads\/2025\/12\/2-2-1536x864.jpg 1536w, https:\/\/blogclinicsaude.farmaponte.com.br\/wp-content\/uploads\/2025\/12\/2-2.jpg 1920w\" sizes=\"(max-width: 1024px) 100vw, 1024px\" \/>\t\t\t\t\t\t\t\t\t\t\t\t\t\t\t<\/div>\n\t\t\t\t<\/div>\n\t\t\t\t\t<\/div>\n\t\t<\/div>\n\t\t\t\t\t<\/div>\n\t\t<\/section>\n\t\t\t\t<section class=\"elementor-section elementor-inner-section elementor-element elementor-element-c2f1650 elementor-section-boxed elementor-section-height-default elementor-section-height-default\" data-id=\"c2f1650\" data-element_type=\"section\" data-e-type=\"section\">\n\t\t\t\t\t\t<div class=\"elementor-container elementor-column-gap-default\">\n\t\t\t\t\t<div class=\"elementor-column elementor-col-50 elementor-inner-column elementor-element elementor-element-787e9c7\" data-id=\"787e9c7\" data-element_type=\"column\" data-e-type=\"column\">\n\t\t\t<div class=\"elementor-widget-wrap elementor-element-populated\">\n\t\t\t\t\t\t<div class=\"elementor-element elementor-element-35f781d elementor-widget elementor-widget-image\" data-id=\"35f781d\" data-element_type=\"widget\" data-e-type=\"widget\" data-widget_type=\"image.default\">\n\t\t\t\t<div class=\"elementor-widget-container\">\n\t\t\t\t\t\t\t\t\t\t\t\t\t\t\t<img decoding=\"async\" width=\"1024\" height=\"576\" src=\"https:\/\/blogclinicsaude.farmaponte.com.br\/wp-content\/uploads\/2025\/12\/3-2-1024x576.jpg\" class=\"elementor-animation-hang attachment-large size-large wp-image-1302\" alt=\"\" srcset=\"https:\/\/blogclinicsaude.farmaponte.com.br\/wp-content\/uploads\/2025\/12\/3-2-1024x576.jpg 1024w, https:\/\/blogclinicsaude.farmaponte.com.br\/wp-content\/uploads\/2025\/12\/3-2-300x169.jpg 300w, https:\/\/blogclinicsaude.farmaponte.com.br\/wp-content\/uploads\/2025\/12\/3-2-768x432.jpg 768w, https:\/\/blogclinicsaude.farmaponte.com.br\/wp-content\/uploads\/2025\/12\/3-2-1536x864.jpg 1536w, https:\/\/blogclinicsaude.farmaponte.com.br\/wp-content\/uploads\/2025\/12\/3-2.jpg 1920w\" sizes=\"(max-width: 1024px) 100vw, 1024px\" \/>\t\t\t\t\t\t\t\t\t\t\t\t\t\t\t<\/div>\n\t\t\t\t<\/div>\n\t\t\t\t\t<\/div>\n\t\t<\/div>\n\t\t\t\t<div class=\"elementor-column elementor-col-50 elementor-inner-column elementor-element elementor-element-f32bd78\" data-id=\"f32bd78\" data-element_type=\"column\" data-e-type=\"column\" data-settings=\"{&quot;background_background&quot;:&quot;classic&quot;}\">\n\t\t\t<div class=\"elementor-widget-wrap elementor-element-populated\">\n\t\t\t\t\t\t<div class=\"elementor-element elementor-element-55c9334 elementor-widget elementor-widget-heading\" data-id=\"55c9334\" data-element_type=\"widget\" data-e-type=\"widget\" data-widget_type=\"heading.default\">\n\t\t\t\t<div class=\"elementor-widget-container\">\n\t\t\t\t\t<h3 class=\"elementor-heading-title elementor-size-default\">PRINCIPAIS TESTES DISPON\u00cdVEIS NAS FARM\u00c1CIAS<\/h3>\t\t\t\t<\/div>\n\t\t\t\t<\/div>\n\t\t\t\t<div class=\"elementor-element elementor-element-a49e111 elementor-widget elementor-widget-text-editor\" data-id=\"a49e111\" data-element_type=\"widget\" data-e-type=\"widget\" data-widget_type=\"text-editor.default\">\n\t\t\t\t<div class=\"elementor-widget-container\">\n\t\t\t\t\t\t\t\t\t<p>Entre os testes r\u00e1pidos mais comuns dispon\u00edveis nas farm\u00e1cias est\u00e3o os de HIV, s\u00edfilis, dengue, Covid-19, influenza e tipagem sangu\u00ednea. Cada um desses exames possui uma finalidade espec\u00edfica e indica\u00e7\u00f5es bem definidas, devendo ser utilizado conforme orienta\u00e7\u00e3o profissional. A realiza\u00e7\u00e3o do teste \u00e9 acompanhada por um farmac\u00eautico devidamente capacitado, que assegura a correta execu\u00e7\u00e3o do procedimento, a interpreta\u00e7\u00e3o adequada do resultado e a orienta\u00e7\u00e3o clara ao paciente. Todo o processo ocorre com respeito \u00e0 privacidade e \u00e0 confidencialidade das informa\u00e7\u00f5es, princ\u00edpios fundamentais no atendimento em sa\u00fade.<\/p>\t\t\t\t\t\t\t\t<\/div>\n\t\t\t\t<\/div>\n\t\t\t\t\t<\/div>\n\t\t<\/div>\n\t\t\t\t\t<\/div>\n\t\t<\/section>\n\t\t\t\t<section class=\"elementor-section elementor-inner-section elementor-element elementor-element-457912c elementor-reverse-mobile elementor-section-boxed elementor-section-height-default elementor-section-height-default\" data-id=\"457912c\" data-element_type=\"section\" data-e-type=\"section\">\n\t\t\t\t\t\t<div class=\"elementor-container elementor-column-gap-default\">\n\t\t\t\t\t<div class=\"elementor-column elementor-col-50 elementor-inner-column elementor-element elementor-element-ade97a4\" data-id=\"ade97a4\" data-element_type=\"column\" data-e-type=\"column\" data-settings=\"{&quot;background_background&quot;:&quot;classic&quot;}\">\n\t\t\t<div class=\"elementor-widget-wrap elementor-element-populated\">\n\t\t\t\t\t\t<div class=\"elementor-element elementor-element-3f99950 elementor-widget elementor-widget-heading\" data-id=\"3f99950\" data-element_type=\"widget\" data-e-type=\"widget\" data-widget_type=\"heading.default\">\n\t\t\t\t<div class=\"elementor-widget-container\">\n\t\t\t\t\t<h3 class=\"elementor-heading-title elementor-size-default\">IMPORT\u00c2NCIA DO DIAGN\u00d3STICO PRECOCE<\/h3>\t\t\t\t<\/div>\n\t\t\t\t<\/div>\n\t\t\t\t<div class=\"elementor-element elementor-element-947916a elementor-widget elementor-widget-text-editor\" data-id=\"947916a\" data-element_type=\"widget\" data-e-type=\"widget\" data-widget_type=\"text-editor.default\">\n\t\t\t\t<div class=\"elementor-widget-container\">\n\t\t\t\t\t\t\t\t\t<p>Identificar uma doen\u00e7a em sua fase inicial aumenta significativamente as chances de tratamento eficaz, reduz o risco de complica\u00e7\u00f5es e melhora o progn\u00f3stico do paciente. No caso das doen\u00e7as infecciosas, o diagn\u00f3stico precoce tamb\u00e9m desempenha papel fundamental na interrup\u00e7\u00e3o da cadeia de transmiss\u00e3o, protegendo a coletividade. Os testes r\u00e1pidos realizados em farm\u00e1cias ampliam o acesso da popula\u00e7\u00e3o a esse tipo de diagn\u00f3stico, especialmente para pessoas que enfrentam barreiras como dificuldade de deslocamento, longas filas ou limita\u00e7\u00e3o de acesso aos servi\u00e7os de sa\u00fade tradicionais.<\/p>\t\t\t\t\t\t\t\t<\/div>\n\t\t\t\t<\/div>\n\t\t\t\t\t<\/div>\n\t\t<\/div>\n\t\t\t\t<div class=\"elementor-column elementor-col-50 elementor-inner-column elementor-element elementor-element-b26a5e9\" data-id=\"b26a5e9\" data-element_type=\"column\" data-e-type=\"column\">\n\t\t\t<div class=\"elementor-widget-wrap elementor-element-populated\">\n\t\t\t\t\t\t<div class=\"elementor-element elementor-element-12b76e6 elementor-widget elementor-widget-image\" data-id=\"12b76e6\" data-element_type=\"widget\" data-e-type=\"widget\" data-widget_type=\"image.default\">\n\t\t\t\t<div class=\"elementor-widget-container\">\n\t\t\t\t\t\t\t\t\t\t\t\t\t\t\t<img loading=\"lazy\" decoding=\"async\" width=\"1024\" height=\"576\" src=\"https:\/\/blogclinicsaude.farmaponte.com.br\/wp-content\/uploads\/2025\/12\/4-2-1024x576.jpg\" class=\"elementor-animation-hang attachment-large size-large wp-image-1303\" alt=\"\" srcset=\"https:\/\/blogclinicsaude.farmaponte.com.br\/wp-content\/uploads\/2025\/12\/4-2-1024x576.jpg 1024w, https:\/\/blogclinicsaude.farmaponte.com.br\/wp-content\/uploads\/2025\/12\/4-2-300x169.jpg 300w, https:\/\/blogclinicsaude.farmaponte.com.br\/wp-content\/uploads\/2025\/12\/4-2-768x432.jpg 768w, https:\/\/blogclinicsaude.farmaponte.com.br\/wp-content\/uploads\/2025\/12\/4-2-1536x864.jpg 1536w, https:\/\/blogclinicsaude.farmaponte.com.br\/wp-content\/uploads\/2025\/12\/4-2.jpg 1920w\" sizes=\"(max-width: 1024px) 100vw, 1024px\" \/>\t\t\t\t\t\t\t\t\t\t\t\t\t\t\t<\/div>\n\t\t\t\t<\/div>\n\t\t\t\t\t<\/div>\n\t\t<\/div>\n\t\t\t\t\t<\/div>\n\t\t<\/section>\n\t\t\t\t<section class=\"elementor-section elementor-inner-section elementor-element elementor-element-01c0007 elementor-section-boxed elementor-section-height-default elementor-section-height-default\" data-id=\"01c0007\" data-element_type=\"section\" data-e-type=\"section\">\n\t\t\t\t\t\t<div class=\"elementor-container elementor-column-gap-default\">\n\t\t\t\t\t<div class=\"elementor-column elementor-col-50 elementor-inner-column elementor-element elementor-element-16519cb\" data-id=\"16519cb\" data-element_type=\"column\" data-e-type=\"column\">\n\t\t\t<div class=\"elementor-widget-wrap elementor-element-populated\">\n\t\t\t\t\t\t<div class=\"elementor-element elementor-element-60b710e elementor-widget elementor-widget-image\" data-id=\"60b710e\" data-element_type=\"widget\" data-e-type=\"widget\" data-widget_type=\"image.default\">\n\t\t\t\t<div class=\"elementor-widget-container\">\n\t\t\t\t\t\t\t\t\t\t\t\t\t\t\t<img loading=\"lazy\" decoding=\"async\" width=\"1024\" height=\"576\" src=\"https:\/\/blogclinicsaude.farmaponte.com.br\/wp-content\/uploads\/2025\/12\/5-1-1024x576.jpg\" class=\"elementor-animation-hang attachment-large size-large wp-image-1304\" alt=\"\" srcset=\"https:\/\/blogclinicsaude.farmaponte.com.br\/wp-content\/uploads\/2025\/12\/5-1-1024x576.jpg 1024w, https:\/\/blogclinicsaude.farmaponte.com.br\/wp-content\/uploads\/2025\/12\/5-1-300x169.jpg 300w, https:\/\/blogclinicsaude.farmaponte.com.br\/wp-content\/uploads\/2025\/12\/5-1-768x432.jpg 768w, https:\/\/blogclinicsaude.farmaponte.com.br\/wp-content\/uploads\/2025\/12\/5-1-1536x864.jpg 1536w, https:\/\/blogclinicsaude.farmaponte.com.br\/wp-content\/uploads\/2025\/12\/5-1.jpg 1920w\" sizes=\"(max-width: 1024px) 100vw, 1024px\" \/>\t\t\t\t\t\t\t\t\t\t\t\t\t\t\t<\/div>\n\t\t\t\t<\/div>\n\t\t\t\t\t<\/div>\n\t\t<\/div>\n\t\t\t\t<div class=\"elementor-column elementor-col-50 elementor-inner-column elementor-element elementor-element-648c282\" data-id=\"648c282\" data-element_type=\"column\" data-e-type=\"column\" data-settings=\"{&quot;background_background&quot;:&quot;classic&quot;}\">\n\t\t\t<div class=\"elementor-widget-wrap elementor-element-populated\">\n\t\t\t\t\t\t<div class=\"elementor-element elementor-element-5b7be22 elementor-widget elementor-widget-heading\" data-id=\"5b7be22\" data-element_type=\"widget\" data-e-type=\"widget\" data-widget_type=\"heading.default\">\n\t\t\t\t<div class=\"elementor-widget-container\">\n\t\t\t\t\t<h3 class=\"elementor-heading-title elementor-size-default\">CONSIDERA\u00c7\u00d5ES FINAIS<\/h3>\t\t\t\t<\/div>\n\t\t\t\t<\/div>\n\t\t\t\t<div class=\"elementor-element elementor-element-663882b elementor-widget elementor-widget-text-editor\" data-id=\"663882b\" data-element_type=\"widget\" data-e-type=\"widget\" data-widget_type=\"text-editor.default\">\n\t\t\t\t<div class=\"elementor-widget-container\">\n\t\t\t\t\t\t\t\t\t<p>A realiza\u00e7\u00e3o de testes r\u00e1pidos em farm\u00e1cias representa um avan\u00e7o relevante no modelo de aten\u00e7\u00e3o \u00e0 sa\u00fade no Brasil. Ao oferecer acesso facilitado, resultados r\u00e1pidos e orienta\u00e7\u00e3o profissional qualificada, as farm\u00e1cias ampliam o alcance dos servi\u00e7os de sa\u00fade junto \u00e0 popula\u00e7\u00e3o. Entre as principais vantagens desse servi\u00e7o destacam-se a conveni\u00eancia de hor\u00e1rios mais amplos, a proximidade com a comunidade, a redu\u00e7\u00e3o do tempo de espera e o atendimento humanizado realizado por um farmac\u00eautico capacitado. Soma-se a isso a garantia de confidencialidade, a seguran\u00e7a dos procedimentos e a possibilidade de encaminhamento adequado para servi\u00e7os m\u00e9dicos quando necess\u00e1rio, tornando os testes r\u00e1pidos em farm\u00e1cias uma ferramenta estrat\u00e9gica para o diagn\u00f3stico precoce, a preven\u00e7\u00e3o de agravos e o fortalecimento do cuidado cont\u00ednuo em sa\u00fade.<\/p>\t\t\t\t\t\t\t\t<\/div>\n\t\t\t\t<\/div>\n\t\t\t\t\t<\/div>\n\t\t<\/div>\n\t\t\t\t\t<\/div>\n\t\t<\/section>\n\t\t\t\t<div class=\"elementor-element elementor-element-03d6e8d elementor-widget elementor-widget-text-editor\" data-id=\"03d6e8d\" data-element_type=\"widget\" data-e-type=\"widget\" data-widget_type=\"text-editor.default\">\n\t\t\t\t<div class=\"elementor-widget-container\">\n\t\t\t\t\t\t\t\t\t<p>A farm\u00e1cia deixa de ser apenas um local de dispensa\u00e7\u00e3o de medicamentos e passa a ser reconhecida como um importante ponto de aten\u00e7\u00e3o \u00e0 sa\u00fade. Nesse contexto, o farmac\u00eautico atua como um profissional de confian\u00e7a, orientando o paciente, esclarecendo d\u00favidas, promovendo educa\u00e7\u00e3o em sa\u00fade e indicando, quando necess\u00e1rio, a busca por atendimento m\u00e9dico ou outros servi\u00e7os especializados. Esse modelo de atua\u00e7\u00e3o fortalece a preven\u00e7\u00e3o, incentiva o autocuidado respons\u00e1vel e contribui para um acompanhamento mais cont\u00ednuo da sa\u00fade da popula\u00e7\u00e3o.<br \/><br \/><\/p>\t\t\t\t\t\t\t\t<\/div>\n\t\t\t\t<\/div>\n\t\t\t\t<div class=\"elementor-element elementor-element-6d16994 elementor-widget elementor-widget-text-editor\" data-id=\"6d16994\" data-element_type=\"widget\" data-e-type=\"widget\" data-widget_type=\"text-editor.default\">\n\t\t\t\t<div class=\"elementor-widget-container\">\n\t\t\t\t\t\t\t\t\t<div data-breakout=\"normal\"><p>AUTOR: DANIEL R ALVES JR.FARMAC\u00caUTICO BIOQU\u00cdMICO: CRF SP 39673. ESPECIALISTA DE TREINAMENTO EM VENDAS, ATEN\u00c7\u00c3O FARMAC\u00caUTICA E VACINA\u00c7\u00c3O.<\/p><p id=\"viewer-0mzdd16198\" class=\"ZuC5J faq2B YCZ-u YZYFQ\" dir=\"auto\"><span class=\"deJ7P YCZ-u\">Todas as informa\u00e7\u00f5es redigidas neste artigo, possuem as seguintes refer\u00eancias:<\/span>\u00a0<\/p><p>AG\u00caNCIA NACIONAL DE VIGIL\u00c2NCIA SANIT\u00c1RIA (ANVISA). Testes r\u00e1pidos e diagn\u00f3sticos. Dispon\u00edvel em: https:\/\/www.gov.br\/anvisa<br \/><br \/>BRASIL. Minist\u00e9rio da Sa\u00fade. Diagn\u00f3stico e preven\u00e7\u00e3o de doen\u00e7as. Dispon\u00edvel em: https:\/\/www.gov.br\/saude<br \/><br \/>SOCIEDADE BRASILEIRA DE AN\u00c1LISES CL\u00cdNICAS (SBAC). Testes r\u00e1pidos. Dispon\u00edvel em: https:\/\/www.sbac.org.br<br \/><br \/>ORGANIZA\u00c7\u00c3O PAN-AMERICANA DA SA\u00daDE (OPAS). Diagn\u00f3stico precoce. Dispon\u00edvel em: https:\/\/www.paho.org<\/p><\/div>\t\t\t\t\t\t\t\t<\/div>\n\t\t\t\t<\/div>\n\t\t\t\t\t<\/div>\n\t\t<\/div>\n\t\t\t\t\t<\/div>\n\t\t<\/section>\n\t\t<div class=\"elementor-element elementor-element-095309e e-flex e-con-boxed e-con e-parent\" data-id=\"095309e\" data-element_type=\"container\" data-e-type=\"container\" data-settings=\"{&quot;background_background&quot;:&quot;classic&quot;}\">\n\t\t\t\t\t<div class=\"e-con-inner\">\n\t\t\t\t<div class=\"elementor-element elementor-element-4aefea3 elementor-widget elementor-widget-heading\" data-id=\"4aefea3\" data-element_type=\"widget\" data-e-type=\"widget\" data-widget_type=\"heading.default\">\n\t\t\t\t<div class=\"elementor-widget-container\">\n\t\t\t\t\t<h2 class=\"elementor-heading-title elementor-size-default\">2026 Clinic Saude Farma Ponte \u00ae - Todos os direitos reservados.<\/h2>\t\t\t\t<\/div>\n\t\t\t\t<\/div>\n\t\t\t\t\t<\/div>\n\t\t\t\t<\/div>\n\t\t\t\t<\/div>\n\t\t","protected":false},"excerpt":{"rendered":"<p>VOLTAR PARA HOME TESTES R\u00c1PIDOS EM FARM\u00c1CIAS: O QUE S\u00c3O, PARA QUE SERVEM E POR QUE ELES IMPORTAM PARA SUA SA\u00daDE Os testes r\u00e1pidos t\u00eam ganhado destaque nas farm\u00e1cias por oferecerem acesso facilitado a informa\u00e7\u00f5es essenciais sobre a sa\u00fade da popula\u00e7\u00e3o. Com resultados obtidos em poucos minutos, esses exames permitem uma avalia\u00e7\u00e3o inicial r\u00e1pida e [&hellip;]<\/p>\n","protected":false},"author":1,"featured_media":0,"parent":0,"menu_order":0,"comment_status":"closed","ping_status":"closed","template":"elementor_canvas","meta":{"footnotes":""},"class_list":["post-1298","page","type-page","status-publish","hentry"],"_links":{"self":[{"href":"https:\/\/blogclinicsaude.farmaponte.com.br\/index.php?rest_route=\/wp\/v2\/pages\/1298","targetHints":{"allow":["GET"]}}],"collection":[{"href":"https:\/\/blogclinicsaude.farmaponte.com.br\/index.php?rest_route=\/wp\/v2\/pages"}],"about":[{"href":"https:\/\/blogclinicsaude.farmaponte.com.br\/index.php?rest_route=\/wp\/v2\/types\/page"}],"author":[{"embeddable":true,"href":"https:\/\/blogclinicsaude.farmaponte.com.br\/index.php?rest_route=\/wp\/v2\/users\/1"}],"replies":[{"embeddable":true,"href":"https:\/\/blogclinicsaude.farmaponte.com.br\/index.php?rest_route=%2Fwp%2Fv2%2Fcomments&post=1298"}],"version-history":[{"count":4,"href":"https:\/\/blogclinicsaude.farmaponte.com.br\/index.php?rest_route=\/wp\/v2\/pages\/1298\/revisions"}],"predecessor-version":[{"id":1307,"href":"https:\/\/blogclinicsaude.farmaponte.com.br\/index.php?rest_route=\/wp\/v2\/pages\/1298\/revisions\/1307"}],"wp:attachment":[{"href":"https:\/\/blogclinicsaude.farmaponte.com.br\/index.php?rest_route=%2Fwp%2Fv2%2Fmedia&parent=1298"}],"curies":[{"name":"wp","href":"https:\/\/api.w.org\/{rel}","templated":true}]}}