{"id":482,"date":"2024-09-09T10:27:00","date_gmt":"2024-09-09T13:27:00","guid":{"rendered":"https:\/\/blogclinicsaude.farmaponte.com.br\/?page_id=482"},"modified":"2024-09-09T10:34:46","modified_gmt":"2024-09-09T13:34:46","slug":"proteja-se-a-importancia-da-vacinacao-contra-herpes-zoster","status":"publish","type":"page","link":"https:\/\/blogclinicsaude.farmaponte.com.br\/?page_id=482","title":{"rendered":"PROTEJA-SE: A IMPORT\u00c2NCIA DA VACINA\u00c7\u00c3O CONTRA HERPES Z\u00d3STER"},"content":{"rendered":"\t\t<div data-elementor-type=\"wp-page\" data-elementor-id=\"482\" class=\"elementor elementor-482\">\n\t\t\t\t<div class=\"elementor-element elementor-element-f2d390b e-flex e-con-boxed e-con e-parent\" data-id=\"f2d390b\" data-element_type=\"container\" data-e-type=\"container\">\n\t\t\t\t\t<div class=\"e-con-inner\">\n\t\t\t\t<div class=\"elementor-element elementor-element-78e50c9 elementor-widget elementor-widget-button\" data-id=\"78e50c9\" data-element_type=\"widget\" data-e-type=\"widget\" data-widget_type=\"button.default\">\n\t\t\t\t<div class=\"elementor-widget-container\">\n\t\t\t\t\t\t\t\t\t<div class=\"elementor-button-wrapper\">\n\t\t\t\t\t<a class=\"elementor-button elementor-button-link elementor-size-sm\" href=\"https:\/\/blogclinicsaude.farmaponte.com.br\/\">\n\t\t\t\t\t\t<span class=\"elementor-button-content-wrapper\">\n\t\t\t\t\t\t<span class=\"elementor-button-icon\">\n\t\t\t\t<svg aria-hidden=\"true\" class=\"e-font-icon-svg e-fas-house-user\" viewBox=\"0 0 576 512\" xmlns=\"http:\/\/www.w3.org\/2000\/svg\"><path d=\"M570.69,236.27,512,184.44V48a16,16,0,0,0-16-16H432a16,16,0,0,0-16,16V99.67L314.78,10.3C308.5,4.61,296.53,0,288,0s-20.46,4.61-26.74,10.3l-256,226A18.27,18.27,0,0,0,0,248.2a18.64,18.64,0,0,0,4.09,10.71L25.5,282.7a21.14,21.14,0,0,0,12,5.3,21.67,21.67,0,0,0,10.69-4.11l15.9-14V480a32,32,0,0,0,32,32H480a32,32,0,0,0,32-32V269.88l15.91,14A21.94,21.94,0,0,0,538.63,288a20.89,20.89,0,0,0,11.87-5.31l21.41-23.81A21.64,21.64,0,0,0,576,248.19,21,21,0,0,0,570.69,236.27ZM288,176a64,64,0,1,1-64,64A64,64,0,0,1,288,176ZM400,448H176a16,16,0,0,1-16-16,96,96,0,0,1,96-96h64a96,96,0,0,1,96,96A16,16,0,0,1,400,448Z\"><\/path><\/svg>\t\t\t<\/span>\n\t\t\t\t\t\t\t\t\t<span class=\"elementor-button-text\">VOLTAR PARA HOME<\/span>\n\t\t\t\t\t<\/span>\n\t\t\t\t\t<\/a>\n\t\t\t\t<\/div>\n\t\t\t\t\t\t\t\t<\/div>\n\t\t\t\t<\/div>\n\t\t\t\t\t<\/div>\n\t\t\t\t<\/div>\n\t\t\t\t<section class=\"elementor-section elementor-top-section elementor-element elementor-element-ab3da20 elementor-section-height-min-height elementor-section-boxed elementor-section-height-default elementor-section-items-middle\" data-id=\"ab3da20\" data-element_type=\"section\" data-e-type=\"section\">\n\t\t\t\t\t\t<div class=\"elementor-container elementor-column-gap-default\">\n\t\t\t\t\t<div class=\"elementor-column elementor-col-100 elementor-top-column elementor-element elementor-element-ae52452\" data-id=\"ae52452\" data-element_type=\"column\" data-e-type=\"column\">\n\t\t\t<div class=\"elementor-widget-wrap elementor-element-populated\">\n\t\t\t\t\t\t<div class=\"elementor-element elementor-element-5a137163 elementor-widget elementor-widget-heading\" data-id=\"5a137163\" data-element_type=\"widget\" data-e-type=\"widget\" data-widget_type=\"heading.default\">\n\t\t\t\t<div class=\"elementor-widget-container\">\n\t\t\t\t\t<h2 class=\"elementor-heading-title elementor-size-default\">PROTEJA-SE: A IMPORT\u00c2NCIA DA VACINA\u00c7\u00c3O CONTRA HERPES Z\u00d3STER<\/h2>\t\t\t\t<\/div>\n\t\t\t\t<\/div>\n\t\t<div class=\"elementor-element elementor-element-91c743f e-grid e-con-boxed e-con e-parent\" data-id=\"91c743f\" data-element_type=\"container\" data-e-type=\"container\">\n\t\t\t\t\t<div class=\"e-con-inner\">\n\t\t\t\t<div class=\"elementor-element elementor-element-7aa2116 elementor-widget elementor-widget-image\" data-id=\"7aa2116\" data-element_type=\"widget\" data-e-type=\"widget\" data-widget_type=\"image.default\">\n\t\t\t\t<div class=\"elementor-widget-container\">\n\t\t\t\t\t\t\t\t\t\t\t\t\t\t\t<img fetchpriority=\"high\" decoding=\"async\" width=\"940\" height=\"603\" src=\"https:\/\/blogclinicsaude.farmaponte.com.br\/wp-content\/uploads\/2024\/09\/Captura-de-tela-2024-09-09-102753.jpg\" class=\"attachment-large size-large wp-image-484\" alt=\"\" srcset=\"https:\/\/blogclinicsaude.farmaponte.com.br\/wp-content\/uploads\/2024\/09\/Captura-de-tela-2024-09-09-102753.jpg 940w, https:\/\/blogclinicsaude.farmaponte.com.br\/wp-content\/uploads\/2024\/09\/Captura-de-tela-2024-09-09-102753-300x192.jpg 300w, https:\/\/blogclinicsaude.farmaponte.com.br\/wp-content\/uploads\/2024\/09\/Captura-de-tela-2024-09-09-102753-768x493.jpg 768w\" sizes=\"(max-width: 940px) 100vw, 940px\" \/>\t\t\t\t\t\t\t\t\t\t\t\t\t\t\t<\/div>\n\t\t\t\t<\/div>\n\t\t\t\t<div class=\"elementor-element elementor-element-00ac8dc elementor-widget elementor-widget-text-editor\" data-id=\"00ac8dc\" data-element_type=\"widget\" data-e-type=\"widget\" data-widget_type=\"text-editor.default\">\n\t\t\t\t<div class=\"elementor-widget-container\">\n\t\t\t\t\t\t\t\t\t<p><span class=\"-DNr2\">A Herpes Z\u00f3ster, conhecida popularmente como cobreiro, \u00e9 uma condi\u00e7\u00e3o dolorosa e inc\u00f4moda causada pelo mesmo v\u00edrus respons\u00e1vel pela catapora, o Varicela-Z\u00f3ster. Neste artigo, discutiremos a relev\u00e2ncia da vacina\u00e7\u00e3o contra essa doen\u00e7a, destacando estat\u00edsticas globais e espec\u00edficas do Brasil, bem como sintomas e complica\u00e7\u00f5es associadas.<\/span><\/p>\t\t\t\t\t\t\t\t<\/div>\n\t\t\t\t<\/div>\n\t\t\t\t\t<\/div>\n\t\t\t\t<\/div>\n\t\t\t\t<section class=\"elementor-section elementor-inner-section elementor-element elementor-element-647dd32 elementor-reverse-mobile elementor-section-boxed elementor-section-height-default elementor-section-height-default\" data-id=\"647dd32\" data-element_type=\"section\" data-e-type=\"section\">\n\t\t\t\t\t\t<div class=\"elementor-container elementor-column-gap-default\">\n\t\t\t\t\t<div class=\"elementor-column elementor-col-50 elementor-inner-column elementor-element elementor-element-45e9461\" data-id=\"45e9461\" data-element_type=\"column\" data-e-type=\"column\" data-settings=\"{&quot;background_background&quot;:&quot;classic&quot;}\">\n\t\t\t<div class=\"elementor-widget-wrap elementor-element-populated\">\n\t\t\t\t\t\t<div class=\"elementor-element elementor-element-38c12a1 elementor-widget elementor-widget-heading\" data-id=\"38c12a1\" data-element_type=\"widget\" data-e-type=\"widget\" data-widget_type=\"heading.default\">\n\t\t\t\t<div class=\"elementor-widget-container\">\n\t\t\t\t\t<h3 class=\"elementor-heading-title elementor-size-default\">ESTAT\u00cdSTICAS E INCID\u00caNCIA DA HERPES Z\u00d3STER:<\/h3>\t\t\t\t<\/div>\n\t\t\t\t<\/div>\n\t\t\t\t<div class=\"elementor-element elementor-element-7627b13 elementor-widget elementor-widget-text-editor\" data-id=\"7627b13\" data-element_type=\"widget\" data-e-type=\"widget\" data-widget_type=\"text-editor.default\">\n\t\t\t\t<div class=\"elementor-widget-container\">\n\t\t\t\t\t\t\t\t\t<div data-breakout=\"normal\"><div id=\"viewer-90rbd236\" class=\"v3Sq9 qf-Fi s6eQT E207f\" dir=\"auto\"><p id=\"viewer-3tq7h255\" class=\"v3Sq9 qf-Fi s6eQT E207f\" dir=\"auto\"><span class=\"-DNr2\">A incid\u00eancia da Herpes Z\u00f3ster tem aumentado globalmente, afetando principalmente pessoas com mais de 50 anos. Estima-se que uma em cada tr\u00eas pessoas que tiveram catapora estejam em risco de desenvolver Herpes Z\u00f3ster ao longo da vida. Embora n\u00e3o haja uma diferen\u00e7a significativa na incid\u00eancia entre homens e mulheres, a idade \u00e9 um fator determinante, com o risco aumentando com o envelhecimento.<\/span><\/p><\/div><\/div>\t\t\t\t\t\t\t\t<\/div>\n\t\t\t\t<\/div>\n\t\t\t\t\t<\/div>\n\t\t<\/div>\n\t\t\t\t<div class=\"elementor-column elementor-col-50 elementor-inner-column elementor-element elementor-element-712c0078\" data-id=\"712c0078\" data-element_type=\"column\" data-e-type=\"column\">\n\t\t\t<div class=\"elementor-widget-wrap elementor-element-populated\">\n\t\t\t\t\t\t<div class=\"elementor-element elementor-element-2f87d7dc elementor-widget elementor-widget-image\" data-id=\"2f87d7dc\" data-element_type=\"widget\" data-e-type=\"widget\" data-widget_type=\"image.default\">\n\t\t\t\t<div class=\"elementor-widget-container\">\n\t\t\t\t\t\t\t\t\t\t\t\t\t\t\t<img decoding=\"async\" width=\"957\" height=\"596\" src=\"https:\/\/blogclinicsaude.farmaponte.com.br\/wp-content\/uploads\/2024\/09\/Captura-de-tela-2024-09-09-102852.jpg\" class=\"elementor-animation-hang attachment-large size-large wp-image-485\" alt=\"\" srcset=\"https:\/\/blogclinicsaude.farmaponte.com.br\/wp-content\/uploads\/2024\/09\/Captura-de-tela-2024-09-09-102852.jpg 957w, https:\/\/blogclinicsaude.farmaponte.com.br\/wp-content\/uploads\/2024\/09\/Captura-de-tela-2024-09-09-102852-300x187.jpg 300w, https:\/\/blogclinicsaude.farmaponte.com.br\/wp-content\/uploads\/2024\/09\/Captura-de-tela-2024-09-09-102852-768x478.jpg 768w\" sizes=\"(max-width: 957px) 100vw, 957px\" \/>\t\t\t\t\t\t\t\t\t\t\t\t\t\t\t<\/div>\n\t\t\t\t<\/div>\n\t\t\t\t\t<\/div>\n\t\t<\/div>\n\t\t\t\t\t<\/div>\n\t\t<\/section>\n\t\t<div class=\"elementor-element elementor-element-f882436 e-grid e-con-boxed e-con e-parent\" data-id=\"f882436\" data-element_type=\"container\" data-e-type=\"container\">\n\t\t\t\t\t<div class=\"e-con-inner\">\n\t\t\t\t<div class=\"elementor-element elementor-element-5149496 elementor-widget elementor-widget-image\" data-id=\"5149496\" data-element_type=\"widget\" data-e-type=\"widget\" data-widget_type=\"image.default\">\n\t\t\t\t<div class=\"elementor-widget-container\">\n\t\t\t\t\t\t\t\t\t\t\t\t\t\t\t<img decoding=\"async\" width=\"994\" height=\"610\" src=\"https:\/\/blogclinicsaude.farmaponte.com.br\/wp-content\/uploads\/2024\/09\/Captura-de-tela-2024-09-09-103011.jpg\" class=\"attachment-large size-large wp-image-486\" alt=\"\" srcset=\"https:\/\/blogclinicsaude.farmaponte.com.br\/wp-content\/uploads\/2024\/09\/Captura-de-tela-2024-09-09-103011.jpg 994w, https:\/\/blogclinicsaude.farmaponte.com.br\/wp-content\/uploads\/2024\/09\/Captura-de-tela-2024-09-09-103011-300x184.jpg 300w, https:\/\/blogclinicsaude.farmaponte.com.br\/wp-content\/uploads\/2024\/09\/Captura-de-tela-2024-09-09-103011-768x471.jpg 768w\" sizes=\"(max-width: 994px) 100vw, 994px\" \/>\t\t\t\t\t\t\t\t\t\t\t\t\t\t\t<\/div>\n\t\t\t\t<\/div>\n\t\t\t\t<div class=\"elementor-element elementor-element-07c18ce elementor-widget elementor-widget-text-editor\" data-id=\"07c18ce\" data-element_type=\"widget\" data-e-type=\"widget\" data-widget_type=\"text-editor.default\">\n\t\t\t\t<div class=\"elementor-widget-container\">\n\t\t\t\t\t\t\t\t\t<p><span class=\"-DNr2\"><strong>HERPES Z\u00d3STER NO BRASIL:<\/strong><\/span><\/p><div data-breakout=\"normal\"><p id=\"viewer-tqatf597\" class=\"v3Sq9 qf-Fi s6eQT E207f\" dir=\"auto\"><span class=\"-DNr2\">No Brasil, a incid\u00eancia da Herpes Z\u00f3ster tem se mostrado crescente, principalmente entre adultos mais velhos. Dados do Minist\u00e9rio da Sa\u00fade indicam que a maioria dos casos ocorre em pessoas com mais de 50 anos. Os sintomas da doen\u00e7a e suas complica\u00e7\u00f5es impactam significativamente na qualidade de vida dos pacientes, destacando a import\u00e2ncia da preven\u00e7\u00e3o.<\/span><\/p><\/div><div data-hook=\"rcv-block16\">\u00a0<\/div><div data-breakout=\"normal\"><div id=\"viewer-2kshj654\" class=\"v3Sq9 qf-Fi s6eQT E207f\" dir=\"auto\">\u00a0<\/div><\/div>\t\t\t\t\t\t\t\t<\/div>\n\t\t\t\t<\/div>\n\t\t\t\t\t<\/div>\n\t\t\t\t<\/div>\n\t\t\t\t<div class=\"elementor-element elementor-element-6cebbc6 elementor-widget elementor-widget-text-editor\" data-id=\"6cebbc6\" data-element_type=\"widget\" data-e-type=\"widget\" data-widget_type=\"text-editor.default\">\n\t\t\t\t<div class=\"elementor-widget-container\">\n\t\t\t\t\t\t\t\t\t<p><span class=\"-DNr2\"><strong>VACINA\u00c7\u00c3O CONTRA HERPES Z\u00d3STER:<\/strong><\/span><\/p><div data-breakout=\"normal\"><p id=\"viewer-0hdns1132\" class=\"v3Sq9 qf-Fi s6eQT E207f\" dir=\"auto\"><span class=\"-DNr2\">A vacina\u00e7\u00e3o \u00e9 uma medida altamente eficaz para prevenir a Herpes Z\u00f3ster e suas complica\u00e7\u00f5es. As vacinas dispon\u00edveis apresentam alta efic\u00e1cia na preven\u00e7\u00e3o da doen\u00e7a, podendo reduzir tanto a incid\u00eancia quanto a gravidade dos sintomas. Geralmente administrada em duas doses, com um intervalo recomendado entre elas, a vacina contra Herpes Z\u00f3ster \u00e9 indicada para pessoas com mais de 50 anos, embora tamb\u00e9m possa ser aplicada em indiv\u00edduos mais jovens com risco aumentado.<\/span><\/p><\/div><div data-breakout=\"normal\"><p id=\"viewer-95d8j1155\" class=\"v3Sq9 qf-Fi s6eQT E207f\" dir=\"auto\"><span class=\"-DNr2\"><strong>A vacina \u00e9 composta<\/strong> por uma glicoprote\u00edna E recombinante derivada do v\u00edrus varicela-z\u00f3ster, em conjunto com o adjuvante AS01, e possui como excipientes sacarose, polisorbato 80, fosfato de s\u00f3dio monob\u00e1sico di-hidratado e fosfato de pot\u00e1ssio dib\u00e1sico, al\u00e9m de \u00e1gua para injet\u00e1veis.<\/span><\/p><\/div><div data-breakout=\"normal\"><p id=\"viewer-fq1td1158\" class=\"v3Sq9 qf-Fi s6eQT E207f\" dir=\"auto\"><span class=\"-DNr2\"><strong>A indica\u00e7\u00e3o<\/strong> da vacina abrange indiv\u00edduos com 50 anos ou mais, assim como pessoas imunocomprometidas ou aquelas com risco aumentado para herpes-z\u00f3ster a partir dos 18 anos de idade. Entretanto, \u00e9 importante ressaltar a contraindica\u00e7\u00e3o para aqueles com hist\u00f3rico de hipersensibilidade grave aos componentes da f\u00f3rmula ou \u00e0 dose anterior da vacina.<\/span><\/p><\/div><div data-breakout=\"normal\"><p id=\"viewer-287do1161\" class=\"v3Sq9 qf-Fi s6eQT E207f\" dir=\"auto\"><span class=\"-DNr2\"><strong>O esquema de doses<\/strong> requer a administra\u00e7\u00e3o de duas aplica\u00e7\u00f5es, com um intervalo de dois meses entre elas, sendo realizada por via intramuscular.<\/span><\/p><\/div><div data-breakout=\"normal\"><p id=\"viewer-ylikd1164\" class=\"v3Sq9 qf-Fi s6eQT E207f\" dir=\"auto\"><span class=\"-DNr2\"><strong>Durante todo o processo de vacina\u00e7\u00e3o, s\u00e3o necess\u00e1rias precau\u00e7\u00f5es<\/strong> especiais, especialmente para imunocomprometidos. Por exemplo, no caso de transplantados de medula \u00f3ssea, a vacina\u00e7\u00e3o pode come\u00e7ar de seis a 12 meses ap\u00f3s o transplante, enquanto para pacientes em tratamento com anticorpos monoclonais, a vacina deve ser iniciada pelo menos quatro semanas antes da pr\u00f3xima dose do anticorpo.<\/span><\/p><\/div><div data-breakout=\"normal\"><p id=\"viewer-gh6j01167\" class=\"v3Sq9 qf-Fi s6eQT E207f\" dir=\"auto\"><span class=\"-DNr2\">Vale ressaltar que n\u00e3o h\u00e1 experi\u00eancia com a vacina em gestantes e lactantes, portanto, sua utiliza\u00e7\u00e3o n\u00e3o \u00e9 rotineiramente recomendada para esses grupos, apesar de n\u00e3o apresentar riscos te\u00f3ricos. Al\u00e9m disso, a vacina inativada n\u00e3o interfere na resposta vacinal quando administrada simultaneamente com outras vacinas, como as contra influenza, pneumoc\u00f3cicas e tr\u00edplice bacteriana acelular do tipo adulto (dTpa).<\/span><\/p><\/div><div data-breakout=\"normal\"><p id=\"viewer-ferpq1171\" class=\"v3Sq9 qf-Fi s6eQT E207f\" dir=\"auto\"><span class=\"-DNr2\">No que diz respeito aos efeitos adversos, os mais comuns incluem dor no local da inje\u00e7\u00e3o, mialgia, fadiga e cefaleia, geralmente de intensidade leve a moderada e com dura\u00e7\u00e3o de at\u00e9 dois ou tr\u00eas dias. Em imunocomprometidos a partir dos 18 anos, o perfil de seguran\u00e7a foi semelhante ao observado em adultos com 50 anos ou mais sem imunocomprometimento.<\/span><\/p><\/div><div data-breakout=\"normal\"><p id=\"viewer-w9gc11173\" class=\"v3Sq9 qf-Fi s6eQT E207f\" dir=\"auto\"><span class=\"-DNr2\">A vacina pode ser encontrada em servi\u00e7os privados de vacina\u00e7\u00e3o.<\/span><\/p><\/div>\t\t\t\t\t\t\t\t<\/div>\n\t\t\t\t<\/div>\n\t\t<div class=\"elementor-element elementor-element-ecd2c2e e-grid e-con-boxed e-con e-parent\" data-id=\"ecd2c2e\" data-element_type=\"container\" data-e-type=\"container\">\n\t\t\t\t\t<div class=\"e-con-inner\">\n\t\t\t\t<div class=\"elementor-element elementor-element-b4c8922 elementor-widget elementor-widget-image\" data-id=\"b4c8922\" data-element_type=\"widget\" data-e-type=\"widget\" data-widget_type=\"image.default\">\n\t\t\t\t<div class=\"elementor-widget-container\">\n\t\t\t\t\t\t\t\t\t\t\t\t\t\t\t<img loading=\"lazy\" decoding=\"async\" width=\"845\" height=\"598\" src=\"https:\/\/blogclinicsaude.farmaponte.com.br\/wp-content\/uploads\/2024\/09\/Captura-de-tela-2024-09-09-103344.jpg\" class=\"attachment-large size-large wp-image-488\" alt=\"\" srcset=\"https:\/\/blogclinicsaude.farmaponte.com.br\/wp-content\/uploads\/2024\/09\/Captura-de-tela-2024-09-09-103344.jpg 845w, https:\/\/blogclinicsaude.farmaponte.com.br\/wp-content\/uploads\/2024\/09\/Captura-de-tela-2024-09-09-103344-300x212.jpg 300w, https:\/\/blogclinicsaude.farmaponte.com.br\/wp-content\/uploads\/2024\/09\/Captura-de-tela-2024-09-09-103344-768x544.jpg 768w\" sizes=\"(max-width: 845px) 100vw, 845px\" \/>\t\t\t\t\t\t\t\t\t\t\t\t\t\t\t<\/div>\n\t\t\t\t<\/div>\n\t\t\t\t<div class=\"elementor-element elementor-element-39403a3 elementor-widget elementor-widget-text-editor\" data-id=\"39403a3\" data-element_type=\"widget\" data-e-type=\"widget\" data-widget_type=\"text-editor.default\">\n\t\t\t\t<div class=\"elementor-widget-container\">\n\t\t\t\t\t\t\t\t\t<p><span class=\"-DNr2\"><strong>DIFEREN\u00c7AS DA VACINA NO SISTEMA P\u00daBLICO DE SA\u00daDE E NA REDE PARTICULAR:<\/strong><\/span><\/p><div data-breakout=\"normal\"><p id=\"viewer-9s4ce1650\" class=\"v3Sq9 qf-Fi s6eQT E207f\" dir=\"auto\"><span class=\"-DNr2\">No sistema p\u00fablico de sa\u00fade, a vacina contra Herpes Z\u00f3ster pode ser oferecida gratuitamente para grupos priorit\u00e1rios, como idosos e pessoas com condi\u00e7\u00f5es de sa\u00fade espec\u00edficas. J\u00e1 na rede particular, h\u00e1 uma maior disponibilidade de marcas de vacinas e uma maior flexibilidade de acesso, permitindo que pessoas fora das faixas et\u00e1rias priorit\u00e1rias tamb\u00e9m possam se vacinar. Al\u00e9m disso, o atendimento personalizado e a menor espera s\u00e3o vantagens encontradas na rede particular. Independentemente do sistema escolhido, \u00e9 essencial buscar a vacina\u00e7\u00e3o adequada para proteger-se contra a Herpes Z\u00f3ster e seus impactos na sa\u00fade.<\/span><\/p><\/div><div data-breakout=\"normal\"><p id=\"viewer-m9vac1194\" class=\"v3Sq9 qf-Fi s6eQT E207f\" dir=\"auto\"><span class=\"-DNr2\">Na Farma Ponte, \u00e9 poss\u00edvel adquirir e tomar, todas as vacinas recomendadas pela SBIM (Sociedade Brasileira de Imuniza\u00e7\u00e3o). Atrav\u00e9s de farmac\u00eauticos especialistas em imuniza\u00e7\u00e3o, promovemos a an\u00e1lise e a orienta\u00e7\u00e3o, relativas ao calend\u00e1rio vacinal de todas as faixas et\u00e1rias.<\/span><\/p><\/div>\t\t\t\t\t\t\t\t<\/div>\n\t\t\t\t<\/div>\n\t\t\t\t\t<\/div>\n\t\t\t\t<\/div>\n\t\t\t\t<div class=\"elementor-element elementor-element-6d16994 elementor-widget elementor-widget-text-editor\" data-id=\"6d16994\" data-element_type=\"widget\" data-e-type=\"widget\" data-widget_type=\"text-editor.default\">\n\t\t\t\t<div class=\"elementor-widget-container\">\n\t\t\t\t\t\t\t\t\t<div data-breakout=\"normal\"><div class=\"nLG8d5\" data-hook=\"post-description\"><article class=\"blog-post-page-font\"><div class=\"post-content__body stSKMK\"><div class=\"moHCnT\"><div class=\"moHCnT\"><div class=\"fTEXDR\" data-rce-version=\"10.92.1\"><div class=\"SJwAG\" dir=\"ltr\" data-id=\"content-viewer\"><div class=\"pSuBm\"><div class=\"lU5st\"><div data-breakout=\"normal\"><p id=\"viewer-uce9s641\" class=\"v3Sq9 qf-Fi s6eQT E207f\" dir=\"auto\"><span class=\"-DNr2\">Todas as informa\u00e7\u00f5es redigidas neste artigo, s\u00e3o referenciadas nas informa\u00e7\u00f5es oficiais dos sites eletr\u00f4nicos do SUS (<a class=\"DAu20 kB6NM\" href=\"https:\/\/www.gov.br\/saude\/pt-br\/assuntos\/saude-de-a-a-z\/h\/herpes\" target=\"_blank\" rel=\"noopener\" data-hook=\"WebLink\">https:\/\/www.gov.br\/saude\/pt-br\/assuntos\/saude-de-a-a-z\/h\/herpes<\/a>) , ANVISA (<a class=\"DAu20 kB6NM\" href=\"https:\/\/www.gov.br\/anvisa\/pt-br\/assuntos\/medicamentos\/novos-medicamentos-e-indicacoes\/shingrix-novo-registro\" target=\"_blank\" rel=\"noopener\" data-hook=\"WebLink\">https:\/\/www.gov.br\/anvisa\/pt-br\/assuntos\/medicamentos\/novos-medicamentos-e-indicacoes\/shingrix-novo-registro<\/a>) e SBIN. (<a class=\"DAu20 kB6NM\" href=\"https:\/\/familia.sbim.org.br\/vacinas\/vacinas-disponiveis\/vacina-herpes-zoster-recombinante-inativada\" target=\"_blank\" rel=\"noopener\" data-hook=\"WebLink\">https:\/\/familia.sbim.org.br\/vacinas\/vacinas-disponiveis\/vacina-herpes-zoster-recombinante-inativada<\/a><\/span><\/p><\/div><\/div><\/div><\/div><\/div><\/div><\/div><\/div><\/article><\/div><div class=\"BL3dva\"><div class=\"OSxNQL\"><div id=\"post-footer\" class=\"OFA52E jG7PL8\"><div class=\"nITq6z\"><nav class=\"lokQqY\" aria-label=\"tags\"><ul><li class=\"ZjhmPV\"><a class=\"ZjhmPV sM3gbq NMMoeu zkjxsb NUPGYU PYiOy1 FKW5xK H_6Rhn Q4OKcc\" href=\"https:\/\/clinicsaudefp.wixsite.com\/meusite\/blog\/tags\/vacina\">vacina<\/a><\/li><li class=\"ZjhmPV\"><a class=\"ZjhmPV sM3gbq NMMoeu zkjxsb NUPGYU PYiOy1 FKW5xK H_6Rhn Q4OKcc\" href=\"https:\/\/clinicsaudefp.wixsite.com\/meusite\/blog\/tags\/prevencao\">prevencao<\/a><\/li><li class=\"ZjhmPV\"><a class=\"ZjhmPV sM3gbq NMMoeu zkjxsb NUPGYU PYiOy1 FKW5xK H_6Rhn Q4OKcc\" href=\"https:\/\/clinicsaudefp.wixsite.com\/meusite\/blog\/tags\/herpes\">herpes<\/a><\/li><li class=\"ZjhmPV\"><a class=\"ZjhmPV sM3gbq NMMoeu zkjxsb NUPGYU PYiOy1 FKW5xK H_6Rhn Q4OKcc\" href=\"https:\/\/clinicsaudefp.wixsite.com\/meusite\/blog\/tags\/herpeszoster\">herpeszoster<\/a><\/li><\/ul><\/nav><\/div><\/div><\/div><\/div><p id=\"viewer-6l9x021906\" class=\"v3Sq9 qf-Fi s6eQT E207f\" dir=\"auto\"><span class=\"-DNr2\">\u00a0<\/span><\/p><\/div>\t\t\t\t\t\t\t\t<\/div>\n\t\t\t\t<\/div>\n\t\t\t\t\t<\/div>\n\t\t<\/div>\n\t\t\t\t\t<\/div>\n\t\t<\/section>\n\t\t<div class=\"elementor-element elementor-element-095309e e-flex e-con-boxed e-con e-parent\" data-id=\"095309e\" data-element_type=\"container\" data-e-type=\"container\" data-settings=\"{&quot;background_background&quot;:&quot;classic&quot;}\">\n\t\t\t\t\t<div class=\"e-con-inner\">\n\t\t\t\t<div class=\"elementor-element elementor-element-4aefea3 elementor-widget elementor-widget-heading\" data-id=\"4aefea3\" data-element_type=\"widget\" data-e-type=\"widget\" data-widget_type=\"heading.default\">\n\t\t\t\t<div class=\"elementor-widget-container\">\n\t\t\t\t\t<h2 class=\"elementor-heading-title elementor-size-default\"> 2024 Clinic Saude Farma Ponte \u00ae - Todos os direitos reservados.<\/h2>\t\t\t\t<\/div>\n\t\t\t\t<\/div>\n\t\t\t\t\t<\/div>\n\t\t\t\t<\/div>\n\t\t\t\t<\/div>\n\t\t","protected":false},"excerpt":{"rendered":"<p>VOLTAR PARA HOME PROTEJA-SE: A IMPORT\u00c2NCIA DA VACINA\u00c7\u00c3O CONTRA HERPES Z\u00d3STER A Herpes Z\u00f3ster, conhecida popularmente como cobreiro, \u00e9 uma condi\u00e7\u00e3o dolorosa e inc\u00f4moda causada pelo mesmo v\u00edrus respons\u00e1vel pela catapora, o Varicela-Z\u00f3ster. Neste artigo, discutiremos a relev\u00e2ncia da vacina\u00e7\u00e3o contra essa doen\u00e7a, destacando estat\u00edsticas globais e espec\u00edficas do Brasil, bem como sintomas e complica\u00e7\u00f5es [&hellip;]<\/p>\n","protected":false},"author":1,"featured_media":0,"parent":0,"menu_order":0,"comment_status":"closed","ping_status":"closed","template":"elementor_canvas","meta":{"footnotes":""},"class_list":["post-482","page","type-page","status-publish","hentry"],"_links":{"self":[{"href":"https:\/\/blogclinicsaude.farmaponte.com.br\/index.php?rest_route=\/wp\/v2\/pages\/482","targetHints":{"allow":["GET"]}}],"collection":[{"href":"https:\/\/blogclinicsaude.farmaponte.com.br\/index.php?rest_route=\/wp\/v2\/pages"}],"about":[{"href":"https:\/\/blogclinicsaude.farmaponte.com.br\/index.php?rest_route=\/wp\/v2\/types\/page"}],"author":[{"embeddable":true,"href":"https:\/\/blogclinicsaude.farmaponte.com.br\/index.php?rest_route=\/wp\/v2\/users\/1"}],"replies":[{"embeddable":true,"href":"https:\/\/blogclinicsaude.farmaponte.com.br\/index.php?rest_route=%2Fwp%2Fv2%2Fcomments&post=482"}],"version-history":[{"count":4,"href":"https:\/\/blogclinicsaude.farmaponte.com.br\/index.php?rest_route=\/wp\/v2\/pages\/482\/revisions"}],"predecessor-version":[{"id":491,"href":"https:\/\/blogclinicsaude.farmaponte.com.br\/index.php?rest_route=\/wp\/v2\/pages\/482\/revisions\/491"}],"wp:attachment":[{"href":"https:\/\/blogclinicsaude.farmaponte.com.br\/index.php?rest_route=%2Fwp%2Fv2%2Fmedia&parent=482"}],"curies":[{"name":"wp","href":"https:\/\/api.w.org\/{rel}","templated":true}]}}