{"id":813,"date":"2025-02-11T08:37:31","date_gmt":"2025-02-11T11:37:31","guid":{"rendered":"https:\/\/blogclinicsaude.farmaponte.com.br\/?page_id=813"},"modified":"2025-02-11T08:39:56","modified_gmt":"2025-02-11T11:39:56","slug":"surto-de-febre-amarela-no-brasil-dados-atuais-prevencao-vacina-e-tratamento","status":"publish","type":"page","link":"https:\/\/blogclinicsaude.farmaponte.com.br\/?page_id=813","title":{"rendered":"SURTO DE FEBRE AMARELA NO BRASIL &#8211; DADOS ATUAIS, PREVEN\u00c7\u00c3O, VACINA E TRATAMENTO"},"content":{"rendered":"\t\t<div data-elementor-type=\"wp-page\" data-elementor-id=\"813\" class=\"elementor elementor-813\">\n\t\t\t\t<div class=\"elementor-element elementor-element-aa4c00f e-con-full elementor-hidden-tablet elementor-hidden-mobile e-flex e-con e-parent\" data-id=\"aa4c00f\" data-element_type=\"container\" data-e-type=\"container\">\n\t\t\t\t<div class=\"elementor-element elementor-element-a1ac705 elementor-widget elementor-widget-button\" data-id=\"a1ac705\" data-element_type=\"widget\" data-e-type=\"widget\" data-widget_type=\"button.default\">\n\t\t\t\t<div class=\"elementor-widget-container\">\n\t\t\t\t\t\t\t\t\t<div class=\"elementor-button-wrapper\">\n\t\t\t\t\t<a class=\"elementor-button elementor-button-link elementor-size-sm\" href=\"https:\/\/blogclinicsaude.farmaponte.com.br\/\">\n\t\t\t\t\t\t<span class=\"elementor-button-content-wrapper\">\n\t\t\t\t\t\t<span class=\"elementor-button-icon\">\n\t\t\t\t<svg aria-hidden=\"true\" class=\"e-font-icon-svg e-fas-house-user\" viewBox=\"0 0 576 512\" xmlns=\"http:\/\/www.w3.org\/2000\/svg\"><path d=\"M570.69,236.27,512,184.44V48a16,16,0,0,0-16-16H432a16,16,0,0,0-16,16V99.67L314.78,10.3C308.5,4.61,296.53,0,288,0s-20.46,4.61-26.74,10.3l-256,226A18.27,18.27,0,0,0,0,248.2a18.64,18.64,0,0,0,4.09,10.71L25.5,282.7a21.14,21.14,0,0,0,12,5.3,21.67,21.67,0,0,0,10.69-4.11l15.9-14V480a32,32,0,0,0,32,32H480a32,32,0,0,0,32-32V269.88l15.91,14A21.94,21.94,0,0,0,538.63,288a20.89,20.89,0,0,0,11.87-5.31l21.41-23.81A21.64,21.64,0,0,0,576,248.19,21,21,0,0,0,570.69,236.27ZM288,176a64,64,0,1,1-64,64A64,64,0,0,1,288,176ZM400,448H176a16,16,0,0,1-16-16,96,96,0,0,1,96-96h64a96,96,0,0,1,96,96A16,16,0,0,1,400,448Z\"><\/path><\/svg>\t\t\t<\/span>\n\t\t\t\t\t\t\t\t\t<span class=\"elementor-button-text\">VOLTAR PARA HOME<\/span>\n\t\t\t\t\t<\/span>\n\t\t\t\t\t<\/a>\n\t\t\t\t<\/div>\n\t\t\t\t\t\t\t\t<\/div>\n\t\t\t\t<\/div>\n\t\t\t\t<\/div>\n\t\t\t\t<section class=\"elementor-section elementor-top-section elementor-element elementor-element-ab3da20 elementor-section-height-min-height elementor-section-boxed elementor-section-height-default elementor-section-items-middle\" data-id=\"ab3da20\" data-element_type=\"section\" data-e-type=\"section\">\n\t\t\t\t\t\t<div class=\"elementor-container elementor-column-gap-default\">\n\t\t\t\t\t<div class=\"elementor-column elementor-col-100 elementor-top-column elementor-element elementor-element-ae52452\" data-id=\"ae52452\" data-element_type=\"column\" data-e-type=\"column\" data-settings=\"{&quot;background_background&quot;:&quot;classic&quot;}\">\n\t\t\t<div class=\"elementor-widget-wrap elementor-element-populated\">\n\t\t\t\t\t\t<div class=\"elementor-element elementor-element-5a137163 elementor-widget elementor-widget-heading\" data-id=\"5a137163\" data-element_type=\"widget\" data-e-type=\"widget\" data-widget_type=\"heading.default\">\n\t\t\t\t<div class=\"elementor-widget-container\">\n\t\t\t\t\t<h2 class=\"elementor-heading-title elementor-size-default\">SURTO DE FEBRE AMARELA NO BRASIL: <\/h2>\t\t\t\t<\/div>\n\t\t\t\t<\/div>\n\t\t\t\t<div class=\"elementor-element elementor-element-90ea6f5 elementor-widget elementor-widget-heading\" data-id=\"90ea6f5\" data-element_type=\"widget\" data-e-type=\"widget\" data-widget_type=\"heading.default\">\n\t\t\t\t<div class=\"elementor-widget-container\">\n\t\t\t\t\t<h2 class=\"elementor-heading-title elementor-size-default\">DADOS ATUAIS, PREVEN\u00c7\u00c3O, VACINA E TRATAMENTO<\/h2>\t\t\t\t<\/div>\n\t\t\t\t<\/div>\n\t\t\t\t<section class=\"elementor-section elementor-inner-section elementor-element elementor-element-5f714821 elementor-section-boxed elementor-section-height-default elementor-section-height-default\" data-id=\"5f714821\" data-element_type=\"section\" data-e-type=\"section\">\n\t\t\t\t\t\t<div class=\"elementor-container elementor-column-gap-default\">\n\t\t\t\t\t<div class=\"elementor-column elementor-col-50 elementor-inner-column elementor-element elementor-element-4e629c35\" data-id=\"4e629c35\" data-element_type=\"column\" data-e-type=\"column\">\n\t\t\t<div class=\"elementor-widget-wrap elementor-element-populated\">\n\t\t\t\t\t\t<div class=\"elementor-element elementor-element-74c155dc elementor-widget elementor-widget-image\" data-id=\"74c155dc\" data-element_type=\"widget\" data-e-type=\"widget\" data-widget_type=\"image.default\">\n\t\t\t\t<div class=\"elementor-widget-container\">\n\t\t\t\t\t\t\t\t\t\t\t\t\t\t\t<img fetchpriority=\"high\" decoding=\"async\" width=\"1024\" height=\"576\" src=\"https:\/\/blogclinicsaude.farmaponte.com.br\/wp-content\/uploads\/2025\/02\/9-1-1024x576.jpg\" class=\"elementor-animation-hang attachment-large size-large wp-image-816\" alt=\"\" srcset=\"https:\/\/blogclinicsaude.farmaponte.com.br\/wp-content\/uploads\/2025\/02\/9-1-1024x576.jpg 1024w, https:\/\/blogclinicsaude.farmaponte.com.br\/wp-content\/uploads\/2025\/02\/9-1-300x169.jpg 300w, https:\/\/blogclinicsaude.farmaponte.com.br\/wp-content\/uploads\/2025\/02\/9-1-768x432.jpg 768w, https:\/\/blogclinicsaude.farmaponte.com.br\/wp-content\/uploads\/2025\/02\/9-1-1536x864.jpg 1536w, https:\/\/blogclinicsaude.farmaponte.com.br\/wp-content\/uploads\/2025\/02\/9-1.jpg 1920w\" sizes=\"(max-width: 1024px) 100vw, 1024px\" \/>\t\t\t\t\t\t\t\t\t\t\t\t\t\t\t<\/div>\n\t\t\t\t<\/div>\n\t\t\t\t\t<\/div>\n\t\t<\/div>\n\t\t\t\t<div class=\"elementor-column elementor-col-50 elementor-inner-column elementor-element elementor-element-70ee1860\" data-id=\"70ee1860\" data-element_type=\"column\" data-e-type=\"column\" data-settings=\"{&quot;background_background&quot;:&quot;classic&quot;}\">\n\t\t\t<div class=\"elementor-widget-wrap elementor-element-populated\">\n\t\t\t\t\t\t<div class=\"elementor-element elementor-element-f22f42d elementor-widget elementor-widget-text-editor\" data-id=\"f22f42d\" data-element_type=\"widget\" data-e-type=\"widget\" data-widget_type=\"text-editor.default\">\n\t\t\t\t<div class=\"elementor-widget-container\">\n\t\t\t\t\t\t\t\t\t<p>A febre amarela \u00e9 uma doen\u00e7a infecciosa de origem viral, transmitida por mosquitos, que pode provocar sintomas graves e, em casos extremos, levar ao \u00f3bito. No Brasil, a vigil\u00e2ncia epidemiol\u00f3gica \u00e9 essencial para conter surtos e minimizar os impactos na popula\u00e7\u00e3o. Este artigo apresenta um panorama atualizado da febre amarela no pa\u00eds, abordando informa\u00e7\u00f5es recentes sobre sua incid\u00eancia, estrat\u00e9gias preventivas, a relev\u00e2ncia da vacina\u00e7\u00e3o e as abordagens terap\u00eauticas recomendadas.<\/p>\t\t\t\t\t\t\t\t<\/div>\n\t\t\t\t<\/div>\n\t\t\t\t\t<\/div>\n\t\t<\/div>\n\t\t\t\t\t<\/div>\n\t\t<\/section>\n\t\t\t\t<section class=\"elementor-section elementor-inner-section elementor-element elementor-element-647dd32 elementor-reverse-mobile elementor-section-boxed elementor-section-height-default elementor-section-height-default\" data-id=\"647dd32\" data-element_type=\"section\" data-e-type=\"section\">\n\t\t\t\t\t\t<div class=\"elementor-container elementor-column-gap-default\">\n\t\t\t\t\t<div class=\"elementor-column elementor-col-50 elementor-inner-column elementor-element elementor-element-45e9461\" data-id=\"45e9461\" data-element_type=\"column\" data-e-type=\"column\" data-settings=\"{&quot;background_background&quot;:&quot;classic&quot;}\">\n\t\t\t<div class=\"elementor-widget-wrap elementor-element-populated\">\n\t\t\t\t\t\t<div class=\"elementor-element elementor-element-38c12a1 elementor-widget elementor-widget-heading\" data-id=\"38c12a1\" data-element_type=\"widget\" data-e-type=\"widget\" data-widget_type=\"heading.default\">\n\t\t\t\t<div class=\"elementor-widget-container\">\n\t\t\t\t\t<h3 class=\"elementor-heading-title elementor-size-default\">CEN\u00c1RIO ATUAL DA FEBRE AMARELA NO BRASIL<\/h3>\t\t\t\t<\/div>\n\t\t\t\t<\/div>\n\t\t\t\t<div class=\"elementor-element elementor-element-7627b13 elementor-widget elementor-widget-text-editor\" data-id=\"7627b13\" data-element_type=\"widget\" data-e-type=\"widget\" data-widget_type=\"text-editor.default\">\n\t\t\t\t<div class=\"elementor-widget-container\">\n\t\t\t\t\t\t\t\t\t<p>Em fevereiro de 2025, o Minist\u00e9rio da Sa\u00fade divulgou um alerta nacional em raz\u00e3o do aumento significativo de casos de febre amarela registrados em diversos estados, incluindo S\u00e3o Paulo, Minas Gerais, Rio de Janeiro e Esp\u00edrito Santo. Essa situa\u00e7\u00e3o tem despertado preocupa\u00e7\u00e3o, especialmente porque a doen\u00e7a pode se espalhar rapidamente em regi\u00f5es onde a cobertura vacinal \u00e9 baixa. A vacina\u00e7\u00e3o, por sua vez, \u00e9 considerada a principal ferramenta de controle da doen\u00e7a e est\u00e1 dispon\u00edvel gratuitamente no Sistema \u00danico de Sa\u00fade (SUS). A imuniza\u00e7\u00e3o \u00e9 recomendada para crian\u00e7as a partir de nove meses de idade e para adultos at\u00e9 59 anos que ainda n\u00e3o tenham sido vacinados.<\/p>\t\t\t\t\t\t\t\t<\/div>\n\t\t\t\t<\/div>\n\t\t\t\t\t<\/div>\n\t\t<\/div>\n\t\t\t\t<div class=\"elementor-column elementor-col-50 elementor-inner-column elementor-element elementor-element-712c0078\" data-id=\"712c0078\" data-element_type=\"column\" data-e-type=\"column\">\n\t\t\t<div class=\"elementor-widget-wrap elementor-element-populated\">\n\t\t\t\t\t\t<div class=\"elementor-element elementor-element-2f87d7dc elementor-widget elementor-widget-image\" data-id=\"2f87d7dc\" data-element_type=\"widget\" data-e-type=\"widget\" data-widget_type=\"image.default\">\n\t\t\t\t<div class=\"elementor-widget-container\">\n\t\t\t\t\t\t\t\t\t\t\t\t\t\t\t<img decoding=\"async\" width=\"1024\" height=\"576\" src=\"https:\/\/blogclinicsaude.farmaponte.com.br\/wp-content\/uploads\/2025\/02\/10-1-1024x576.jpg\" class=\"elementor-animation-hang attachment-large size-large wp-image-817\" alt=\"\" srcset=\"https:\/\/blogclinicsaude.farmaponte.com.br\/wp-content\/uploads\/2025\/02\/10-1-1024x576.jpg 1024w, https:\/\/blogclinicsaude.farmaponte.com.br\/wp-content\/uploads\/2025\/02\/10-1-300x169.jpg 300w, https:\/\/blogclinicsaude.farmaponte.com.br\/wp-content\/uploads\/2025\/02\/10-1-768x432.jpg 768w, https:\/\/blogclinicsaude.farmaponte.com.br\/wp-content\/uploads\/2025\/02\/10-1-1536x864.jpg 1536w, https:\/\/blogclinicsaude.farmaponte.com.br\/wp-content\/uploads\/2025\/02\/10-1.jpg 1920w\" sizes=\"(max-width: 1024px) 100vw, 1024px\" \/>\t\t\t\t\t\t\t\t\t\t\t\t\t\t\t<\/div>\n\t\t\t\t<\/div>\n\t\t\t\t\t<\/div>\n\t\t<\/div>\n\t\t\t\t\t<\/div>\n\t\t<\/section>\n\t\t\t\t<section class=\"elementor-section elementor-inner-section elementor-element elementor-element-c2f1650 elementor-section-boxed elementor-section-height-default elementor-section-height-default\" data-id=\"c2f1650\" data-element_type=\"section\" data-e-type=\"section\">\n\t\t\t\t\t\t<div class=\"elementor-container elementor-column-gap-default\">\n\t\t\t\t\t<div class=\"elementor-column elementor-col-50 elementor-inner-column elementor-element elementor-element-787e9c7\" data-id=\"787e9c7\" data-element_type=\"column\" data-e-type=\"column\">\n\t\t\t<div class=\"elementor-widget-wrap elementor-element-populated\">\n\t\t\t\t\t\t<div class=\"elementor-element elementor-element-35f781d elementor-widget elementor-widget-image\" data-id=\"35f781d\" data-element_type=\"widget\" data-e-type=\"widget\" data-widget_type=\"image.default\">\n\t\t\t\t<div class=\"elementor-widget-container\">\n\t\t\t\t\t\t\t\t\t\t\t\t\t\t\t<img decoding=\"async\" width=\"1024\" height=\"576\" src=\"https:\/\/blogclinicsaude.farmaponte.com.br\/wp-content\/uploads\/2025\/02\/11-1-1024x576.jpg\" class=\"elementor-animation-hang attachment-large size-large wp-image-818\" alt=\"\" srcset=\"https:\/\/blogclinicsaude.farmaponte.com.br\/wp-content\/uploads\/2025\/02\/11-1-1024x576.jpg 1024w, https:\/\/blogclinicsaude.farmaponte.com.br\/wp-content\/uploads\/2025\/02\/11-1-300x169.jpg 300w, https:\/\/blogclinicsaude.farmaponte.com.br\/wp-content\/uploads\/2025\/02\/11-1-768x432.jpg 768w, https:\/\/blogclinicsaude.farmaponte.com.br\/wp-content\/uploads\/2025\/02\/11-1-1536x864.jpg 1536w, https:\/\/blogclinicsaude.farmaponte.com.br\/wp-content\/uploads\/2025\/02\/11-1.jpg 1920w\" sizes=\"(max-width: 1024px) 100vw, 1024px\" \/>\t\t\t\t\t\t\t\t\t\t\t\t\t\t\t<\/div>\n\t\t\t\t<\/div>\n\t\t\t\t\t<\/div>\n\t\t<\/div>\n\t\t\t\t<div class=\"elementor-column elementor-col-50 elementor-inner-column elementor-element elementor-element-f32bd78\" data-id=\"f32bd78\" data-element_type=\"column\" data-e-type=\"column\" data-settings=\"{&quot;background_background&quot;:&quot;classic&quot;}\">\n\t\t\t<div class=\"elementor-widget-wrap elementor-element-populated\">\n\t\t\t\t\t\t<div class=\"elementor-element elementor-element-8009fbc elementor-widget elementor-widget-heading\" data-id=\"8009fbc\" data-element_type=\"widget\" data-e-type=\"widget\" data-widget_type=\"heading.default\">\n\t\t\t\t<div class=\"elementor-widget-container\">\n\t\t\t\t\t<h3 class=\"elementor-heading-title elementor-size-default\">MEDIDAS DE PREVEN\u00c7\u00c3O<\/h3>\t\t\t\t<\/div>\n\t\t\t\t<\/div>\n\t\t\t\t<div class=\"elementor-element elementor-element-a49e111 elementor-widget elementor-widget-text-editor\" data-id=\"a49e111\" data-element_type=\"widget\" data-e-type=\"widget\" data-widget_type=\"text-editor.default\">\n\t\t\t\t<div class=\"elementor-widget-container\">\n\t\t\t\t\t\t\t\t\t<p>A estrat\u00e9gia mais eficaz para conter a propaga\u00e7\u00e3o da febre amarela envolve a combina\u00e7\u00e3o de medidas preventivas, com destaque para a vacina\u00e7\u00e3o e o controle dos vetores da doen\u00e7a. O governo brasileiro recomenda que toda a popula\u00e7\u00e3o residente ou em deslocamento para \u00e1reas de risco esteja imunizada contra a febre amarela. Desde 2017, o pa\u00eds segue as diretrizes da Organiza\u00e7\u00e3o Mundial da Sa\u00fade (OMS), que indicam que uma \u00fanica dose da vacina \u00e9 suficiente para conferir prote\u00e7\u00e3o por toda a vida.<\/p><p>Adicionalmente, \u00e9 essencial reduzir a prolifera\u00e7\u00e3o dos mosquitos transmissores, como o <em>Haemagogus<\/em> e o <em>Sabethes<\/em>, na zona silvestre, e o <em>Aedes aegypti<\/em> em regi\u00f5es urbanas. Para isso, recomenda-se eliminar poss\u00edveis criadouros de larvas, utilizar telas em portas e janelas, aplicar repelentes adequados e usar roupas que cubram a maior parte do corpo quando estiver em \u00e1reas de mata.<\/p>\t\t\t\t\t\t\t\t<\/div>\n\t\t\t\t<\/div>\n\t\t\t\t\t<\/div>\n\t\t<\/div>\n\t\t\t\t\t<\/div>\n\t\t<\/section>\n\t\t\t\t<section class=\"elementor-section elementor-inner-section elementor-element elementor-element-459a4c7 elementor-reverse-mobile elementor-section-boxed elementor-section-height-default elementor-section-height-default\" data-id=\"459a4c7\" data-element_type=\"section\" data-e-type=\"section\">\n\t\t\t\t\t\t<div class=\"elementor-container elementor-column-gap-default\">\n\t\t\t\t\t<div class=\"elementor-column elementor-col-50 elementor-inner-column elementor-element elementor-element-d0513a3\" data-id=\"d0513a3\" data-element_type=\"column\" data-e-type=\"column\" data-settings=\"{&quot;background_background&quot;:&quot;classic&quot;}\">\n\t\t\t<div class=\"elementor-widget-wrap elementor-element-populated\">\n\t\t\t\t\t\t<div class=\"elementor-element elementor-element-d170fd2 elementor-widget elementor-widget-heading\" data-id=\"d170fd2\" data-element_type=\"widget\" data-e-type=\"widget\" data-widget_type=\"heading.default\">\n\t\t\t\t<div class=\"elementor-widget-container\">\n\t\t\t\t\t<h3 class=\"elementor-heading-title elementor-size-default\">A IMPORT\u00c2NCIA DA VACINA\u00c7\u00c3O<\/h3>\t\t\t\t<\/div>\n\t\t\t\t<\/div>\n\t\t\t\t<div class=\"elementor-element elementor-element-286f25c elementor-widget elementor-widget-text-editor\" data-id=\"286f25c\" data-element_type=\"widget\" data-e-type=\"widget\" data-widget_type=\"text-editor.default\">\n\t\t\t\t<div class=\"elementor-widget-container\">\n\t\t\t\t\t\t\t\t\t<div data-breakout=\"normal\"><p>A vacina contra a febre amarela \u00e9 produzida com o v\u00edrus atenuado, proporcionando uma resposta imunol\u00f3gica eficaz em mais de 95% dos indiv\u00edduos vacinados. Atualmente, o esquema de imuniza\u00e7\u00e3o brasileiro prev\u00ea uma dose \u00fanica para pessoas entre 5 e 59 anos, enquanto crian\u00e7as entre 9 meses e 4 anos recebem uma dose inicial e um refor\u00e7o aos 4 anos de idade. No entanto, certos grupos, como idosos, gestantes e imunossuprimidos, devem consultar um profissional de sa\u00fade antes de se vacinar, pois podem apresentar contraindica\u00e7\u00f5es.<\/p><p>Vale ressaltar que muitos pa\u00edses exigem o Certificado Internacional de Vacina\u00e7\u00e3o contra a febre amarela para permitir a entrada de viajantes provenientes de regi\u00f5es end\u00eamicas. Sendo assim, \u00e9 fundamental que aqueles que pretendem viajar para \u00e1reas de risco busquem a vacina\u00e7\u00e3o com anteced\u00eancia.<\/p><\/div>\t\t\t\t\t\t\t\t<\/div>\n\t\t\t\t<\/div>\n\t\t\t\t\t<\/div>\n\t\t<\/div>\n\t\t\t\t<div class=\"elementor-column elementor-col-50 elementor-inner-column elementor-element elementor-element-318b0bd\" data-id=\"318b0bd\" data-element_type=\"column\" data-e-type=\"column\">\n\t\t\t<div class=\"elementor-widget-wrap elementor-element-populated\">\n\t\t\t\t\t\t<div class=\"elementor-element elementor-element-ffbfccf elementor-widget elementor-widget-image\" data-id=\"ffbfccf\" data-element_type=\"widget\" data-e-type=\"widget\" data-widget_type=\"image.default\">\n\t\t\t\t<div class=\"elementor-widget-container\">\n\t\t\t\t\t\t\t\t\t\t\t\t\t\t\t<img loading=\"lazy\" decoding=\"async\" width=\"1024\" height=\"576\" src=\"https:\/\/blogclinicsaude.farmaponte.com.br\/wp-content\/uploads\/2025\/02\/12-1024x576.jpg\" class=\"elementor-animation-hang attachment-large size-large wp-image-819\" alt=\"\" srcset=\"https:\/\/blogclinicsaude.farmaponte.com.br\/wp-content\/uploads\/2025\/02\/12-1024x576.jpg 1024w, https:\/\/blogclinicsaude.farmaponte.com.br\/wp-content\/uploads\/2025\/02\/12-300x169.jpg 300w, https:\/\/blogclinicsaude.farmaponte.com.br\/wp-content\/uploads\/2025\/02\/12-768x432.jpg 768w, https:\/\/blogclinicsaude.farmaponte.com.br\/wp-content\/uploads\/2025\/02\/12-1536x864.jpg 1536w, https:\/\/blogclinicsaude.farmaponte.com.br\/wp-content\/uploads\/2025\/02\/12.jpg 1920w\" sizes=\"(max-width: 1024px) 100vw, 1024px\" \/>\t\t\t\t\t\t\t\t\t\t\t\t\t\t\t<\/div>\n\t\t\t\t<\/div>\n\t\t\t\t\t<\/div>\n\t\t<\/div>\n\t\t\t\t\t<\/div>\n\t\t<\/section>\n\t\t\t\t<div class=\"elementor-element elementor-element-53893d6 elementor-widget elementor-widget-heading\" data-id=\"53893d6\" data-element_type=\"widget\" data-e-type=\"widget\" data-widget_type=\"heading.default\">\n\t\t\t\t<div class=\"elementor-widget-container\">\n\t\t\t\t\t<h2 class=\"elementor-heading-title elementor-size-default\">CONSIDERA\u00c7\u00d5ES FINAIS<\/h2>\t\t\t\t<\/div>\n\t\t\t\t<\/div>\n\t\t\t\t<div class=\"elementor-element elementor-element-ac754a4 elementor-widget elementor-widget-text-editor\" data-id=\"ac754a4\" data-element_type=\"widget\" data-e-type=\"widget\" data-widget_type=\"text-editor.default\">\n\t\t\t\t<div class=\"elementor-widget-container\">\n\t\t\t\t\t\t\t\t\t<p>At\u00e9 o momento, n\u00e3o h\u00e1 um tratamento espec\u00edfico para a febre amarela. O manejo da doen\u00e7a \u00e9 voltado para o al\u00edvio dos sintomas e o suporte cl\u00ednico dos pacientes. Os casos leves podem ser tratados com repouso, hidrata\u00e7\u00e3o e medica\u00e7\u00e3o para controle da febre e das dores musculares. Entretanto, casos mais graves exigem hospitaliza\u00e7\u00e3o, podendo incluir interna\u00e7\u00e3o em unidades de terapia intensiva (UTI) quando houver complica\u00e7\u00f5es hep\u00e1ticas e renais.<\/p><p>\u00c9 fundamental que pessoas com suspeita da doen\u00e7a busquem atendimento m\u00e9dico imediatamente, pois a interven\u00e7\u00e3o precoce pode reduzir significativamente o risco de complica\u00e7\u00f5es.<\/p>\t\t\t\t\t\t\t\t<\/div>\n\t\t\t\t<\/div>\n\t\t\t\t<div class=\"elementor-element elementor-element-6d16994 elementor-widget elementor-widget-text-editor\" data-id=\"6d16994\" data-element_type=\"widget\" data-e-type=\"widget\" data-widget_type=\"text-editor.default\">\n\t\t\t\t<div class=\"elementor-widget-container\">\n\t\t\t\t\t\t\t\t\t<div data-breakout=\"normal\"><p id=\"viewer-0mzdd16198\" class=\"OREP0 tHwks Syvyf _5Hz2s\" dir=\"auto\"><span class=\"Kuhnf Syvyf\">Todas as informa\u00e7\u00f5es redigidas neste artigo, possuem as seguintes refer\u00eancias:<\/span><\/p><\/div><div data-breakout=\"normal\"><p>BRASIL. Minist\u00e9rio da Sa\u00fade. <strong>Febre Amarela<\/strong>. Dispon\u00edvel em: https:\/\/www.gov.br\/saude\/pt-br\/assuntos\/saude-de-a-a-z\/f\/febre-amarela. Acesso em: 10 fev. 2025.<\/p><p>BRASIL. Minist\u00e9rio da Sa\u00fade. <strong>Vacina<\/strong>. Dispon\u00edvel em: https:\/\/www.gov.br\/saude\/pt-br\/assuntos\/saude-de-a-a-z\/f\/febre-amarela\/vacina. Acesso em: 10 fev. 2025.<\/p><p>BRASIL. Minist\u00e9rio da Sa\u00fade. <strong>Minist\u00e9rio da Sa\u00fade emite alerta para o aumento de casos de febre amarela em S\u00e3o Paulo e outros tr\u00eas estados<\/strong>. Dispon\u00edvel em: https:\/\/www.gov.br\/saude\/pt-br\/assuntos\/noticias\/2025\/fevereiro\/ministerio-da-saude-emite-alerta-para-o-aumento-de-casos-de-febre-amarela-em-sao-paulo-e-outros-tres-estados. Acesso em: 10 fev. 2025.<\/p><p>VASCONCELOS, Pedro Fernando da Costa. <strong>Febre amarela: reflex\u00f5es sobre a doen\u00e7a, as perspectivas para o s\u00e9culo XXI e o risco da reurbaniza\u00e7\u00e3o<\/strong>. <em>Revista Brasileira de Epidemiologia<\/em>, v. 5, n. 3, p. 244-258, 2002. Dispon\u00edvel em: https:\/\/www.scielo.br\/j\/rbepid\/a\/X56sxtMwdzXqrqTTMCxZYBc\/. Acesso em: 10 fev. 2025.<\/p><p>TAUIL, Pedro Luiz. <strong>Aspectos cr\u00edticos do controle da febre amarela no Brasil<\/strong>. <em>Revista de Sa\u00fade P\u00fablica<\/em>, v. 44, n. 3, p. 555-558, 2010. Dispon\u00edvel em: https:\/\/www.scielo.br\/j\/rsp\/a\/43xRYDb8QjrSy56xXSqG9dS\/. Acesso em: 10 fev. 2025.<\/p><\/div>\t\t\t\t\t\t\t\t<\/div>\n\t\t\t\t<\/div>\n\t\t\t\t\t<\/div>\n\t\t<\/div>\n\t\t\t\t\t<\/div>\n\t\t<\/section>\n\t\t<div class=\"elementor-element elementor-element-095309e e-flex e-con-boxed e-con e-parent\" data-id=\"095309e\" data-element_type=\"container\" data-e-type=\"container\" data-settings=\"{&quot;background_background&quot;:&quot;classic&quot;}\">\n\t\t\t\t\t<div class=\"e-con-inner\">\n\t\t\t\t<div class=\"elementor-element elementor-element-4aefea3 elementor-widget elementor-widget-heading\" data-id=\"4aefea3\" data-element_type=\"widget\" data-e-type=\"widget\" data-widget_type=\"heading.default\">\n\t\t\t\t<div class=\"elementor-widget-container\">\n\t\t\t\t\t<h2 class=\"elementor-heading-title elementor-size-default\"> 2024 Clinic Saude Farma Ponte \u00ae - Todos os direitos reservados.<\/h2>\t\t\t\t<\/div>\n\t\t\t\t<\/div>\n\t\t\t\t\t<\/div>\n\t\t\t\t<\/div>\n\t\t\t\t<\/div>\n\t\t","protected":false},"excerpt":{"rendered":"<p>VOLTAR PARA HOME SURTO DE FEBRE AMARELA NO BRASIL: DADOS ATUAIS, PREVEN\u00c7\u00c3O, VACINA E TRATAMENTO A febre amarela \u00e9 uma doen\u00e7a infecciosa de origem viral, transmitida por mosquitos, que pode provocar sintomas graves e, em casos extremos, levar ao \u00f3bito. No Brasil, a vigil\u00e2ncia epidemiol\u00f3gica \u00e9 essencial para conter surtos e minimizar os impactos na [&hellip;]<\/p>\n","protected":false},"author":1,"featured_media":0,"parent":0,"menu_order":0,"comment_status":"closed","ping_status":"closed","template":"elementor_canvas","meta":{"footnotes":""},"class_list":["post-813","page","type-page","status-publish","hentry"],"_links":{"self":[{"href":"https:\/\/blogclinicsaude.farmaponte.com.br\/index.php?rest_route=\/wp\/v2\/pages\/813","targetHints":{"allow":["GET"]}}],"collection":[{"href":"https:\/\/blogclinicsaude.farmaponte.com.br\/index.php?rest_route=\/wp\/v2\/pages"}],"about":[{"href":"https:\/\/blogclinicsaude.farmaponte.com.br\/index.php?rest_route=\/wp\/v2\/types\/page"}],"author":[{"embeddable":true,"href":"https:\/\/blogclinicsaude.farmaponte.com.br\/index.php?rest_route=\/wp\/v2\/users\/1"}],"replies":[{"embeddable":true,"href":"https:\/\/blogclinicsaude.farmaponte.com.br\/index.php?rest_route=%2Fwp%2Fv2%2Fcomments&post=813"}],"version-history":[{"count":7,"href":"https:\/\/blogclinicsaude.farmaponte.com.br\/index.php?rest_route=\/wp\/v2\/pages\/813\/revisions"}],"predecessor-version":[{"id":825,"href":"https:\/\/blogclinicsaude.farmaponte.com.br\/index.php?rest_route=\/wp\/v2\/pages\/813\/revisions\/825"}],"wp:attachment":[{"href":"https:\/\/blogclinicsaude.farmaponte.com.br\/index.php?rest_route=%2Fwp%2Fv2%2Fmedia&parent=813"}],"curies":[{"name":"wp","href":"https:\/\/api.w.org\/{rel}","templated":true}]}}