{"id":829,"date":"2025-02-12T13:08:24","date_gmt":"2025-02-12T16:08:24","guid":{"rendered":"https:\/\/blogclinicsaude.farmaponte.com.br\/?page_id=829"},"modified":"2025-02-12T14:09:00","modified_gmt":"2025-02-12T17:09:00","slug":"automedicacao-em-criancas-riscos-e-orientacoes-para-pais-e-cuidadores","status":"publish","type":"page","link":"https:\/\/blogclinicsaude.farmaponte.com.br\/?page_id=829","title":{"rendered":"AUTOMEDICA\u00c7\u00c3O EM CRIAN\u00c7AS: RISCOS E ORIENTA\u00c7\u00d5ES PARA PAIS E CUIDADORES"},"content":{"rendered":"\t\t<div data-elementor-type=\"wp-page\" data-elementor-id=\"829\" class=\"elementor elementor-829\">\n\t\t\t\t<div class=\"elementor-element elementor-element-aa4c00f e-con-full elementor-hidden-tablet elementor-hidden-mobile e-flex e-con e-parent\" data-id=\"aa4c00f\" data-element_type=\"container\" data-e-type=\"container\">\n\t\t\t\t<div class=\"elementor-element elementor-element-a1ac705 elementor-widget elementor-widget-button\" data-id=\"a1ac705\" data-element_type=\"widget\" data-e-type=\"widget\" data-widget_type=\"button.default\">\n\t\t\t\t<div class=\"elementor-widget-container\">\n\t\t\t\t\t\t\t\t\t<div class=\"elementor-button-wrapper\">\n\t\t\t\t\t<a class=\"elementor-button elementor-button-link elementor-size-sm\" href=\"https:\/\/blogclinicsaude.farmaponte.com.br\/\">\n\t\t\t\t\t\t<span class=\"elementor-button-content-wrapper\">\n\t\t\t\t\t\t<span class=\"elementor-button-icon\">\n\t\t\t\t<svg aria-hidden=\"true\" class=\"e-font-icon-svg e-fas-house-user\" viewBox=\"0 0 576 512\" xmlns=\"http:\/\/www.w3.org\/2000\/svg\"><path d=\"M570.69,236.27,512,184.44V48a16,16,0,0,0-16-16H432a16,16,0,0,0-16,16V99.67L314.78,10.3C308.5,4.61,296.53,0,288,0s-20.46,4.61-26.74,10.3l-256,226A18.27,18.27,0,0,0,0,248.2a18.64,18.64,0,0,0,4.09,10.71L25.5,282.7a21.14,21.14,0,0,0,12,5.3,21.67,21.67,0,0,0,10.69-4.11l15.9-14V480a32,32,0,0,0,32,32H480a32,32,0,0,0,32-32V269.88l15.91,14A21.94,21.94,0,0,0,538.63,288a20.89,20.89,0,0,0,11.87-5.31l21.41-23.81A21.64,21.64,0,0,0,576,248.19,21,21,0,0,0,570.69,236.27ZM288,176a64,64,0,1,1-64,64A64,64,0,0,1,288,176ZM400,448H176a16,16,0,0,1-16-16,96,96,0,0,1,96-96h64a96,96,0,0,1,96,96A16,16,0,0,1,400,448Z\"><\/path><\/svg>\t\t\t<\/span>\n\t\t\t\t\t\t\t\t\t<span class=\"elementor-button-text\">VOLTAR PARA HOME<\/span>\n\t\t\t\t\t<\/span>\n\t\t\t\t\t<\/a>\n\t\t\t\t<\/div>\n\t\t\t\t\t\t\t\t<\/div>\n\t\t\t\t<\/div>\n\t\t\t\t<\/div>\n\t\t\t\t<section class=\"elementor-section elementor-top-section elementor-element elementor-element-ab3da20 elementor-section-height-min-height elementor-section-boxed elementor-section-height-default elementor-section-items-middle\" data-id=\"ab3da20\" data-element_type=\"section\" data-e-type=\"section\">\n\t\t\t\t\t\t<div class=\"elementor-container elementor-column-gap-default\">\n\t\t\t\t\t<div class=\"elementor-column elementor-col-100 elementor-top-column elementor-element elementor-element-ae52452\" data-id=\"ae52452\" data-element_type=\"column\" data-e-type=\"column\" data-settings=\"{&quot;background_background&quot;:&quot;classic&quot;}\">\n\t\t\t<div class=\"elementor-widget-wrap elementor-element-populated\">\n\t\t\t\t\t\t<div class=\"elementor-element elementor-element-5a137163 elementor-widget elementor-widget-heading\" data-id=\"5a137163\" data-element_type=\"widget\" data-e-type=\"widget\" data-widget_type=\"heading.default\">\n\t\t\t\t<div class=\"elementor-widget-container\">\n\t\t\t\t\t<h2 class=\"elementor-heading-title elementor-size-default\">AUTOMEDICA\u00c7\u00c3O EM CRIAN\u00c7AS:  <\/h2>\t\t\t\t<\/div>\n\t\t\t\t<\/div>\n\t\t\t\t<div class=\"elementor-element elementor-element-90ea6f5 elementor-widget elementor-widget-heading\" data-id=\"90ea6f5\" data-element_type=\"widget\" data-e-type=\"widget\" data-widget_type=\"heading.default\">\n\t\t\t\t<div class=\"elementor-widget-container\">\n\t\t\t\t\t<h2 class=\"elementor-heading-title elementor-size-default\">RISCOS E ORIENTA\u00c7\u00d5ES PARA PAIS E CUIDADORES<\/h2>\t\t\t\t<\/div>\n\t\t\t\t<\/div>\n\t\t\t\t<section class=\"elementor-section elementor-inner-section elementor-element elementor-element-5f714821 elementor-section-boxed elementor-section-height-default elementor-section-height-default\" data-id=\"5f714821\" data-element_type=\"section\" data-e-type=\"section\">\n\t\t\t\t\t\t<div class=\"elementor-container elementor-column-gap-default\">\n\t\t\t\t\t<div class=\"elementor-column elementor-col-50 elementor-inner-column elementor-element elementor-element-4e629c35\" data-id=\"4e629c35\" data-element_type=\"column\" data-e-type=\"column\">\n\t\t\t<div class=\"elementor-widget-wrap elementor-element-populated\">\n\t\t\t\t\t\t<div class=\"elementor-element elementor-element-74c155dc elementor-widget elementor-widget-image\" data-id=\"74c155dc\" data-element_type=\"widget\" data-e-type=\"widget\" data-widget_type=\"image.default\">\n\t\t\t\t<div class=\"elementor-widget-container\">\n\t\t\t\t\t\t\t\t\t\t\t\t\t\t\t<img fetchpriority=\"high\" decoding=\"async\" width=\"637\" height=\"438\" src=\"https:\/\/blogclinicsaude.farmaponte.com.br\/wp-content\/uploads\/2025\/02\/1.png\" class=\"elementor-animation-hang attachment-large size-large wp-image-833\" alt=\"\" srcset=\"https:\/\/blogclinicsaude.farmaponte.com.br\/wp-content\/uploads\/2025\/02\/1.png 637w, https:\/\/blogclinicsaude.farmaponte.com.br\/wp-content\/uploads\/2025\/02\/1-300x206.png 300w\" sizes=\"(max-width: 637px) 100vw, 637px\" \/>\t\t\t\t\t\t\t\t\t\t\t\t\t\t\t<\/div>\n\t\t\t\t<\/div>\n\t\t\t\t\t<\/div>\n\t\t<\/div>\n\t\t\t\t<div class=\"elementor-column elementor-col-50 elementor-inner-column elementor-element elementor-element-70ee1860\" data-id=\"70ee1860\" data-element_type=\"column\" data-e-type=\"column\" data-settings=\"{&quot;background_background&quot;:&quot;classic&quot;}\">\n\t\t\t<div class=\"elementor-widget-wrap elementor-element-populated\">\n\t\t\t\t\t\t<div class=\"elementor-element elementor-element-f22f42d elementor-widget elementor-widget-text-editor\" data-id=\"f22f42d\" data-element_type=\"widget\" data-e-type=\"widget\" data-widget_type=\"text-editor.default\">\n\t\t\t\t<div class=\"elementor-widget-container\">\n\t\t\t\t\t\t\t\t\t<p>A automedica\u00e7\u00e3o \u00e9 uma pr\u00e1tica comum entre adultos, mas quando aplicada a crian\u00e7as, pode representar um grande risco \u00e0 sa\u00fade. A administra\u00e7\u00e3o de medicamentos sem orienta\u00e7\u00e3o profissional pode resultar em rea\u00e7\u00f5es adversas graves, intoxica\u00e7\u00e3o e intera\u00e7\u00f5es medicamentosas indesejadas. Este artigo aborda os perigos da automedica\u00e7\u00e3o infantil e apresenta diretrizes para pais e cuidadores garantirem um uso seguro de medicamentos.<\/p>\n<p><a name=\"_Toc190252599\"><\/a><strong>Palavras-chave: <\/strong>Automedica\u00e7\u00e3o infantil, riscos medicamentosos, orienta\u00e7\u00e3o farmac\u00eautica, resist\u00eancia bacteriana, intoxica\u00e7\u00e3o medicamentosa.<\/p><p><br><\/p>\t\t\t\t\t\t\t\t<\/div>\n\t\t\t\t<\/div>\n\t\t\t\t\t<\/div>\n\t\t<\/div>\n\t\t\t\t\t<\/div>\n\t\t<\/section>\n\t\t\t\t<section class=\"elementor-section elementor-inner-section elementor-element elementor-element-647dd32 elementor-reverse-mobile elementor-section-boxed elementor-section-height-default elementor-section-height-default\" data-id=\"647dd32\" data-element_type=\"section\" data-e-type=\"section\">\n\t\t\t\t\t\t<div class=\"elementor-container elementor-column-gap-default\">\n\t\t\t\t\t<div class=\"elementor-column elementor-col-50 elementor-inner-column elementor-element elementor-element-45e9461\" data-id=\"45e9461\" data-element_type=\"column\" data-e-type=\"column\" data-settings=\"{&quot;background_background&quot;:&quot;classic&quot;}\">\n\t\t\t<div class=\"elementor-widget-wrap elementor-element-populated\">\n\t\t\t\t\t\t<div class=\"elementor-element elementor-element-38c12a1 elementor-widget elementor-widget-heading\" data-id=\"38c12a1\" data-element_type=\"widget\" data-e-type=\"widget\" data-widget_type=\"heading.default\">\n\t\t\t\t<div class=\"elementor-widget-container\">\n\t\t\t\t\t<h3 class=\"elementor-heading-title elementor-size-default\">OS PERIGOS DA AUTOMEDICA\u00c7\u00c3O NA INF\u00c2NCIA<\/h3>\t\t\t\t<\/div>\n\t\t\t\t<\/div>\n\t\t\t\t<div class=\"elementor-element elementor-element-7627b13 elementor-widget elementor-widget-text-editor\" data-id=\"7627b13\" data-element_type=\"widget\" data-e-type=\"widget\" data-widget_type=\"text-editor.default\">\n\t\t\t\t<div class=\"elementor-widget-container\">\n\t\t\t\t\t\t\t\t\t<p>O organismo infantil possui caracter\u00edsticas metab\u00f3licas diferentes das de um adulto, o que pode influenciar na absor\u00e7\u00e3o, distribui\u00e7\u00e3o e elimina\u00e7\u00e3o dos f\u00e1rmacos. Medicamentos comuns, como antit\u00e9rmicos e analg\u00e9sicos, podem provocar rea\u00e7\u00f5es adversas se utilizados de forma inadequada. Al\u00e9m disso, o uso indiscriminado de antibi\u00f3ticos contribui para o desenvolvimento de resist\u00eancia bacteriana, tornando futuras infec\u00e7\u00f5es mais dif\u00edceis de tratar.<\/p>\t\t\t\t\t\t\t\t<\/div>\n\t\t\t\t<\/div>\n\t\t\t\t\t<\/div>\n\t\t<\/div>\n\t\t\t\t<div class=\"elementor-column elementor-col-50 elementor-inner-column elementor-element elementor-element-712c0078\" data-id=\"712c0078\" data-element_type=\"column\" data-e-type=\"column\">\n\t\t\t<div class=\"elementor-widget-wrap elementor-element-populated\">\n\t\t\t\t\t\t<div class=\"elementor-element elementor-element-2f87d7dc elementor-widget elementor-widget-image\" data-id=\"2f87d7dc\" data-element_type=\"widget\" data-e-type=\"widget\" data-widget_type=\"image.default\">\n\t\t\t\t<div class=\"elementor-widget-container\">\n\t\t\t\t\t\t\t\t\t\t\t\t\t\t\t<img decoding=\"async\" width=\"635\" height=\"594\" src=\"https:\/\/blogclinicsaude.farmaponte.com.br\/wp-content\/uploads\/2025\/02\/2.png\" class=\"elementor-animation-hang attachment-large size-large wp-image-831\" alt=\"\" srcset=\"https:\/\/blogclinicsaude.farmaponte.com.br\/wp-content\/uploads\/2025\/02\/2.png 635w, https:\/\/blogclinicsaude.farmaponte.com.br\/wp-content\/uploads\/2025\/02\/2-300x281.png 300w\" sizes=\"(max-width: 635px) 100vw, 635px\" \/>\t\t\t\t\t\t\t\t\t\t\t\t\t\t\t<\/div>\n\t\t\t\t<\/div>\n\t\t\t\t\t<\/div>\n\t\t<\/div>\n\t\t\t\t\t<\/div>\n\t\t<\/section>\n\t\t\t\t<div class=\"elementor-element elementor-element-53893d6 elementor-widget elementor-widget-heading\" data-id=\"53893d6\" data-element_type=\"widget\" data-e-type=\"widget\" data-widget_type=\"heading.default\">\n\t\t\t\t<div class=\"elementor-widget-container\">\n\t\t\t\t\t<h2 class=\"elementor-heading-title elementor-size-default\">MEDICAMENTOS DE VENDA LIVRE QUE PODEM REPRESENTAR RISCOS<\/h2>\t\t\t\t<\/div>\n\t\t\t\t<\/div>\n\t\t\t\t<div class=\"elementor-element elementor-element-69fdd41 elementor-widget elementor-widget-text-editor\" data-id=\"69fdd41\" data-element_type=\"widget\" data-e-type=\"widget\" data-widget_type=\"text-editor.default\">\n\t\t\t\t<div class=\"elementor-widget-container\">\n\t\t\t\t\t\t\t\t\t<p>A automedica\u00e7\u00e3o em crian\u00e7as pode resultar em s\u00e9rias complica\u00e7\u00f5es para a sa\u00fade, tornando essencial a interven\u00e7\u00e3o de profissionais de sa\u00fade na educa\u00e7\u00e3o dos pais. O farmac\u00eautico tem um papel essencial nesse processo, auxiliando na promo\u00e7\u00e3o do uso racional de medicamentos e prevenindo riscos desnecess\u00e1rios.<\/p><p>Alguns medicamentos considerados inofensivos para adultos podem ser extremamente perigosos para crian\u00e7as. Exemplos incluem:<\/p><p><a name=\"_Toc190252602\"><\/a><strong>Dipirona e paracetamol<\/strong><\/p><p>Podem causar risco de intoxica\u00e7\u00e3o hep\u00e1tica e hematol\u00f3gica.<\/p><p><a name=\"_Toc190252603\"><\/a><strong>Antial\u00e9rgicos<\/strong><\/p><p>Podem causar seda\u00e7\u00e3o excessiva e efeitos colaterais paradoxais.<\/p><p><a name=\"_Toc190252604\"><\/a><strong>Xaropes para tosse<\/strong><\/p><p>Alguns cont\u00eam subst\u00e2ncias contraindicadas para menores de dois anos.<\/p>\t\t\t\t\t\t\t\t<\/div>\n\t\t\t\t<\/div>\n\t\t\t\t<section class=\"elementor-section elementor-inner-section elementor-element elementor-element-c2f1650 elementor-section-boxed elementor-section-height-default elementor-section-height-default\" data-id=\"c2f1650\" data-element_type=\"section\" data-e-type=\"section\">\n\t\t\t\t\t\t<div class=\"elementor-container elementor-column-gap-default\">\n\t\t\t\t\t<div class=\"elementor-column elementor-col-50 elementor-inner-column elementor-element elementor-element-787e9c7\" data-id=\"787e9c7\" data-element_type=\"column\" data-e-type=\"column\">\n\t\t\t<div class=\"elementor-widget-wrap elementor-element-populated\">\n\t\t\t\t\t\t<div class=\"elementor-element elementor-element-35f781d elementor-widget elementor-widget-image\" data-id=\"35f781d\" data-element_type=\"widget\" data-e-type=\"widget\" data-widget_type=\"image.default\">\n\t\t\t\t<div class=\"elementor-widget-container\">\n\t\t\t\t\t\t\t\t\t\t\t\t\t\t\t<img decoding=\"async\" width=\"631\" height=\"518\" src=\"https:\/\/blogclinicsaude.farmaponte.com.br\/wp-content\/uploads\/2025\/02\/3.png\" class=\"elementor-animation-hang attachment-large size-large wp-image-832\" alt=\"\" srcset=\"https:\/\/blogclinicsaude.farmaponte.com.br\/wp-content\/uploads\/2025\/02\/3.png 631w, https:\/\/blogclinicsaude.farmaponte.com.br\/wp-content\/uploads\/2025\/02\/3-300x246.png 300w\" sizes=\"(max-width: 631px) 100vw, 631px\" \/>\t\t\t\t\t\t\t\t\t\t\t\t\t\t\t<\/div>\n\t\t\t\t<\/div>\n\t\t\t\t\t<\/div>\n\t\t<\/div>\n\t\t\t\t<div class=\"elementor-column elementor-col-50 elementor-inner-column elementor-element elementor-element-f32bd78\" data-id=\"f32bd78\" data-element_type=\"column\" data-e-type=\"column\" data-settings=\"{&quot;background_background&quot;:&quot;classic&quot;}\">\n\t\t\t<div class=\"elementor-widget-wrap elementor-element-populated\">\n\t\t\t\t\t\t<div class=\"elementor-element elementor-element-8009fbc elementor-widget elementor-widget-heading\" data-id=\"8009fbc\" data-element_type=\"widget\" data-e-type=\"widget\" data-widget_type=\"heading.default\">\n\t\t\t\t<div class=\"elementor-widget-container\">\n\t\t\t\t\t<h3 class=\"elementor-heading-title elementor-size-default\">O PAPEL DO FARMAC\u00caUTICO NA ORIENTA\u00c7\u00c3O CORRETA<\/h3>\t\t\t\t<\/div>\n\t\t\t\t<\/div>\n\t\t\t\t<div class=\"elementor-element elementor-element-a49e111 elementor-widget elementor-widget-text-editor\" data-id=\"a49e111\" data-element_type=\"widget\" data-e-type=\"widget\" data-widget_type=\"text-editor.default\">\n\t\t\t\t<div class=\"elementor-widget-container\">\n\t\t\t\t\t\t\t\t\t<p>O farmac\u00eautico desempenha um papel essencial na preven\u00e7\u00e3o da automedica\u00e7\u00e3o infantil. Ele deve orientar pais e cuidadores sobre o uso adequado de medicamentos, refor\u00e7ando a import\u00e2ncia da prescri\u00e7\u00e3o m\u00e9dica e esclarecendo d\u00favidas sobre dosagem e intera\u00e7\u00f5es medicamentosas. Tamb\u00e9m \u00e9 fundamental promover a educa\u00e7\u00e3o em sa\u00fade, conscientizando a popula\u00e7\u00e3o sobre os riscos da automedica\u00e7\u00e3o.<\/p>\t\t\t\t\t\t\t\t<\/div>\n\t\t\t\t<\/div>\n\t\t\t\t\t<\/div>\n\t\t<\/div>\n\t\t\t\t\t<\/div>\n\t\t<\/section>\n\t\t\t\t<div class=\"elementor-element elementor-element-2583953 elementor-widget elementor-widget-heading\" data-id=\"2583953\" data-element_type=\"widget\" data-e-type=\"widget\" data-widget_type=\"heading.default\">\n\t\t\t\t<div class=\"elementor-widget-container\">\n\t\t\t\t\t<h2 class=\"elementor-heading-title elementor-size-default\">CONCLUS\u00c3O<\/h2>\t\t\t\t<\/div>\n\t\t\t\t<\/div>\n\t\t\t\t<div class=\"elementor-element elementor-element-ac754a4 elementor-widget elementor-widget-text-editor\" data-id=\"ac754a4\" data-element_type=\"widget\" data-e-type=\"widget\" data-widget_type=\"text-editor.default\">\n\t\t\t\t<div class=\"elementor-widget-container\">\n\t\t\t\t\t\t\t\t\t<p>A automedica\u00e7\u00e3o em crian\u00e7as pode resultar em s\u00e9rias complica\u00e7\u00f5es para a sa\u00fade, tornando essencial a interven\u00e7\u00e3o de profissionais de sa\u00fade na educa\u00e7\u00e3o dos pais. O farmac\u00eautico tem um papel essencial nesse processo, auxiliando na promo\u00e7\u00e3o do uso racional de medicamentos e prevenindo riscos desnecess\u00e1rios.<\/p>\t\t\t\t\t\t\t\t<\/div>\n\t\t\t\t<\/div>\n\t\t\t\t<div class=\"elementor-element elementor-element-6d16994 elementor-widget elementor-widget-text-editor\" data-id=\"6d16994\" data-element_type=\"widget\" data-e-type=\"widget\" data-widget_type=\"text-editor.default\">\n\t\t\t\t<div class=\"elementor-widget-container\">\n\t\t\t\t\t\t\t\t\t<div data-breakout=\"normal\"><p id=\"viewer-0mzdd16198\" class=\"OREP0 tHwks Syvyf _5Hz2s\" dir=\"auto\"><span class=\"Kuhnf Syvyf\">Todas as informa\u00e7\u00f5es redigidas neste artigo, possuem as seguintes refer\u00eancias:<\/span><\/p><\/div><div data-breakout=\"normal\"><p>BRASIL. Minist\u00e9rio da Sa\u00fade. Uso racional de medicamentos: tem\u00e1tica priorit\u00e1ria. Dispon\u00edvel em: https:\/\/bvsms.saude.gov.br. Acesso em: 12 fev. 2025. SILVA, A. C.; SOUZA, M. R. Automedica\u00e7\u00e3o em crian\u00e7as: desafios e riscos. Revista Brasileira de Farm\u00e1cia, v. 12, n. 3, p. 45-52, 2023. ORGANIZA\u00c7\u00c3O MUNDIAL DA SA\u00daDE (OMS). Uso seguro de medicamentos na inf\u00e2ncia. Dispon\u00edvel em: https:\/\/www.who.int. Acesso em: 12 fev. 2025.<\/p><\/div>\t\t\t\t\t\t\t\t<\/div>\n\t\t\t\t<\/div>\n\t\t\t\t\t<\/div>\n\t\t<\/div>\n\t\t\t\t\t<\/div>\n\t\t<\/section>\n\t\t<div class=\"elementor-element elementor-element-095309e e-flex e-con-boxed e-con e-parent\" data-id=\"095309e\" data-element_type=\"container\" data-e-type=\"container\" data-settings=\"{&quot;background_background&quot;:&quot;classic&quot;}\">\n\t\t\t\t\t<div class=\"e-con-inner\">\n\t\t\t\t<div class=\"elementor-element elementor-element-4aefea3 elementor-widget elementor-widget-heading\" data-id=\"4aefea3\" data-element_type=\"widget\" data-e-type=\"widget\" data-widget_type=\"heading.default\">\n\t\t\t\t<div class=\"elementor-widget-container\">\n\t\t\t\t\t<h2 class=\"elementor-heading-title elementor-size-default\"> 2024 Clinic Saude Farma Ponte \u00ae - Todos os direitos reservados.<\/h2>\t\t\t\t<\/div>\n\t\t\t\t<\/div>\n\t\t\t\t\t<\/div>\n\t\t\t\t<\/div>\n\t\t\t\t<\/div>\n\t\t","protected":false},"excerpt":{"rendered":"<p>VOLTAR PARA HOME AUTOMEDICA\u00c7\u00c3O EM CRIAN\u00c7AS: RISCOS E ORIENTA\u00c7\u00d5ES PARA PAIS E CUIDADORES A automedica\u00e7\u00e3o \u00e9 uma pr\u00e1tica comum entre adultos, mas quando aplicada a crian\u00e7as, pode representar um grande risco \u00e0 sa\u00fade. A administra\u00e7\u00e3o de medicamentos sem orienta\u00e7\u00e3o profissional pode resultar em rea\u00e7\u00f5es adversas graves, intoxica\u00e7\u00e3o e intera\u00e7\u00f5es medicamentosas indesejadas. Este artigo aborda os [&hellip;]<\/p>\n","protected":false},"author":1,"featured_media":0,"parent":0,"menu_order":0,"comment_status":"closed","ping_status":"closed","template":"elementor_canvas","meta":{"footnotes":""},"class_list":["post-829","page","type-page","status-publish","hentry"],"_links":{"self":[{"href":"https:\/\/blogclinicsaude.farmaponte.com.br\/index.php?rest_route=\/wp\/v2\/pages\/829","targetHints":{"allow":["GET"]}}],"collection":[{"href":"https:\/\/blogclinicsaude.farmaponte.com.br\/index.php?rest_route=\/wp\/v2\/pages"}],"about":[{"href":"https:\/\/blogclinicsaude.farmaponte.com.br\/index.php?rest_route=\/wp\/v2\/types\/page"}],"author":[{"embeddable":true,"href":"https:\/\/blogclinicsaude.farmaponte.com.br\/index.php?rest_route=\/wp\/v2\/users\/1"}],"replies":[{"embeddable":true,"href":"https:\/\/blogclinicsaude.farmaponte.com.br\/index.php?rest_route=%2Fwp%2Fv2%2Fcomments&post=829"}],"version-history":[{"count":7,"href":"https:\/\/blogclinicsaude.farmaponte.com.br\/index.php?rest_route=\/wp\/v2\/pages\/829\/revisions"}],"predecessor-version":[{"id":842,"href":"https:\/\/blogclinicsaude.farmaponte.com.br\/index.php?rest_route=\/wp\/v2\/pages\/829\/revisions\/842"}],"wp:attachment":[{"href":"https:\/\/blogclinicsaude.farmaponte.com.br\/index.php?rest_route=%2Fwp%2Fv2%2Fmedia&parent=829"}],"curies":[{"name":"wp","href":"https:\/\/api.w.org\/{rel}","templated":true}]}}